{"id":19590,"date":"2023-02-16T12:35:00","date_gmt":"2023-02-16T11:35:00","guid":{"rendered":"https:\/\/www.benkert.info\/?post_type=product&#038;p=19590"},"modified":"2023-07-04T15:51:00","modified_gmt":"2023-07-04T13:51:00","slug":"comfony-160","status":"publish","type":"product","link":"https:\/\/www.benkert.info\/fi\/produkt\/comfony-fi\/comfony-160\/","title":{"rendered":"Comfony 160"},"content":{"rendered":"","protected":false},"excerpt":{"rendered":"<p><span style=\"font-weight: 400;\">Klassisen puistonpenkin jatkokehitys: Comfony-sarjan katukalusteet. Selke\u00e4t, voimakkaasti muotoillut muodot ovat tunnusomaisia. Comfony 160 -puistopenkiss\u00e4 suorat linjat ja kaaret ovat vastakkain ja t\u00e4ydent\u00e4v\u00e4t toisiaan t\u00e4ydellisesti. Runko on valmistettu ruostumattomasta ter\u00e4ksest\u00e4, ja kansi on valmistettu nelikulmaisesta alumiiniputkesta, jossa on Thermo-PET-pinnoite. Kaikki materiaalit ovat 100-prosenttisesti kierr\u00e4tett\u00e4vi\u00e4. Comfony-penkkien erityispiirre: p\u00e4\u00e4llysteiden vaihtaminen vuosien k\u00e4yt\u00f6n j\u00e4lkeen on lastenleikki\u00e4. L\u00e4mp\u00f6-PET-verhoilu on UV-kest\u00e4v\u00e4, s\u00e4\u00e4nkest\u00e4v\u00e4 eik\u00e4 vaadi k\u00e4yt\u00e4nn\u00f6ss\u00e4 lainkaan huoltoa.<\/span><\/p>\n","protected":false},"featured_media":19602,"template":"","meta":{"_acf_changed":false,"content-type":""},"product_brand":[],"product_cat":[1016],"product_tag":[],"class_list":{"0":"post-19590","1":"product","2":"type-product","3":"status-publish","4":"has-post-thumbnail","6":"product_cat-comfony-fi","8":"first","9":"instock","10":"shipping-taxable","11":"product-type-simple"},"acf":[],"_links":{"self":[{"href":"https:\/\/www.benkert.info\/fi\/wp-json\/wp\/v2\/product\/19590","targetHints":{"allow":["GET"]}}],"collection":[{"href":"https:\/\/www.benkert.info\/fi\/wp-json\/wp\/v2\/product"}],"about":[{"href":"https:\/\/www.benkert.info\/fi\/wp-json\/wp\/v2\/types\/product"}],"wp:featuredmedia":[{"embeddable":true,"href":"https:\/\/www.benkert.info\/fi\/wp-json\/wp\/v2\/media\/19602"}],"wp:attachment":[{"href":"https:\/\/www.benkert.info\/fi\/wp-json\/wp\/v2\/media?parent=19590"}],"wp:term":[{"taxonomy":"product_brand","embeddable":true,"href":"https:\/\/www.benkert.info\/fi\/wp-json\/wp\/v2\/product_brand?post=19590"},{"taxonomy":"product_cat","embeddable":true,"href":"https:\/\/www.benkert.info\/fi\/wp-json\/wp\/v2\/product_cat?post=19590"},{"taxonomy":"product_tag","embeddable":true,"href":"https:\/\/www.benkert.info\/fi\/wp-json\/wp\/v2\/product_tag?post=19590"}],"curies":[{"name":"wp","href":"https:\/\/api.w.org\/{rel}","templated":true}]}}