{"id":18867,"date":"2022-09-09T14:51:01","date_gmt":"2022-09-09T12:51:01","guid":{"rendered":"https:\/\/www.benkert.info\/produkt\/Ei-luokiteltu\/sicorum-m-100\/"},"modified":"2023-07-04T16:30:19","modified_gmt":"2023-07-04T14:30:19","slug":"sicorum-m-100","status":"publish","type":"product","link":"https:\/\/www.benkert.info\/fi\/produkt\/sicorum-fi\/sicorum-m-100\/","title":{"rendered":"Sicorum M 100"},"content":{"rendered":"","protected":false},"excerpt":{"rendered":"<p>T\u00e4lle modernille puistonpenkille ovat ominaisia lineaariset muodot ja pelkistetyt linjat. Istuimen sis\u00e4\u00e4n ty\u00f6nnetyt neli\u00f6nmuotoiset putket korostavat penkin selke\u00e4\u00e4 ulkon\u00e4k\u00f6\u00e4. Todellinen klassikko, joka voidaan mukauttaa yksil\u00f6llisesti kaikkiin ymp\u00e4rist\u00f6n tarpeisiin v\u00e4ritt\u00e4m\u00e4ll\u00e4 se yksil\u00f6llisesti yli <a href=\"http:\/\/farben\">8500 v\u00e4rin<\/a> valikoimastamme. Yhteensopivien jakkaroiden ja p\u00f6ytien avulla voidaan luoda kutsuvia istuinryhmi\u00e4.<\/p>\n","protected":false},"featured_media":17073,"template":"","meta":{"_acf_changed":false,"content-type":""},"product_brand":[],"product_cat":[1020],"product_tag":[],"class_list":{"0":"post-18867","1":"product","2":"type-product","3":"status-publish","4":"has-post-thumbnail","6":"product_cat-sicorum-fi","8":"first","9":"instock","10":"shipping-taxable","11":"product-type-simple"},"acf":[],"_links":{"self":[{"href":"https:\/\/www.benkert.info\/fi\/wp-json\/wp\/v2\/product\/18867","targetHints":{"allow":["GET"]}}],"collection":[{"href":"https:\/\/www.benkert.info\/fi\/wp-json\/wp\/v2\/product"}],"about":[{"href":"https:\/\/www.benkert.info\/fi\/wp-json\/wp\/v2\/types\/product"}],"wp:featuredmedia":[{"embeddable":true,"href":"https:\/\/www.benkert.info\/fi\/wp-json\/wp\/v2\/media\/17073"}],"wp:attachment":[{"href":"https:\/\/www.benkert.info\/fi\/wp-json\/wp\/v2\/media?parent=18867"}],"wp:term":[{"taxonomy":"product_brand","embeddable":true,"href":"https:\/\/www.benkert.info\/fi\/wp-json\/wp\/v2\/product_brand?post=18867"},{"taxonomy":"product_cat","embeddable":true,"href":"https:\/\/www.benkert.info\/fi\/wp-json\/wp\/v2\/product_cat?post=18867"},{"taxonomy":"product_tag","embeddable":true,"href":"https:\/\/www.benkert.info\/fi\/wp-json\/wp\/v2\/product_tag?post=18867"}],"curies":[{"name":"wp","href":"https:\/\/api.w.org\/{rel}","templated":true}]}}