{"id":18866,"date":"2022-09-09T15:05:23","date_gmt":"2022-09-09T13:05:23","guid":{"rendered":"https:\/\/www.benkert.info\/produkt\/Ei-luokiteltu\/sicorum-m-700\/"},"modified":"2023-07-04T16:27:14","modified_gmt":"2023-07-04T14:27:14","slug":"sicorum-m-700","status":"publish","type":"product","link":"https:\/\/www.benkert.info\/fi\/produkt\/sicorum-fi\/sicorum-m-700\/","title":{"rendered":"Sicorum M 700"},"content":{"rendered":"","protected":false},"excerpt":{"rendered":"<p>Sicorum M 700 on itsevarma avotilakaluste, joka vakuuttaa paitsi toiminnallisuudellaan my\u00f6s muotoilullaan. Suuret, suorat muodot yhdistettyn\u00e4 istuimissa oleviin ruostumattomasta ter\u00e4ksest\u00e4 valmistettuihin neli\u00f6putkiin ovat tunnusomaisia tuotesarjalle. Valikoimamme <a href=\"https:\/\/www.benkert.info\/farben\/\">laaja v\u00e4rivalikoima<\/a> mahdollistaa l\u00e4hes rajattomat suunnittelumahdollisuudet t\u00e4lle ruostumattomasta ter\u00e4ksest\u00e4 valmistetulle kalusteelle. Luo suosikki ulkotilat!<\/p>\n","protected":false},"featured_media":17085,"template":"","meta":{"_acf_changed":false,"content-type":""},"product_brand":[],"product_cat":[1020],"product_tag":[],"class_list":{"0":"post-18866","1":"product","2":"type-product","3":"status-publish","4":"has-post-thumbnail","6":"product_cat-sicorum-fi","8":"first","9":"instock","10":"shipping-taxable","11":"product-type-simple"},"acf":[],"_links":{"self":[{"href":"https:\/\/www.benkert.info\/fi\/wp-json\/wp\/v2\/product\/18866","targetHints":{"allow":["GET"]}}],"collection":[{"href":"https:\/\/www.benkert.info\/fi\/wp-json\/wp\/v2\/product"}],"about":[{"href":"https:\/\/www.benkert.info\/fi\/wp-json\/wp\/v2\/types\/product"}],"wp:featuredmedia":[{"embeddable":true,"href":"https:\/\/www.benkert.info\/fi\/wp-json\/wp\/v2\/media\/17085"}],"wp:attachment":[{"href":"https:\/\/www.benkert.info\/fi\/wp-json\/wp\/v2\/media?parent=18866"}],"wp:term":[{"taxonomy":"product_brand","embeddable":true,"href":"https:\/\/www.benkert.info\/fi\/wp-json\/wp\/v2\/product_brand?post=18866"},{"taxonomy":"product_cat","embeddable":true,"href":"https:\/\/www.benkert.info\/fi\/wp-json\/wp\/v2\/product_cat?post=18866"},{"taxonomy":"product_tag","embeddable":true,"href":"https:\/\/www.benkert.info\/fi\/wp-json\/wp\/v2\/product_tag?post=18866"}],"curies":[{"name":"wp","href":"https:\/\/api.w.org\/{rel}","templated":true}]}}