{"id":18865,"date":"2022-11-18T16:31:18","date_gmt":"2022-11-18T15:31:18","guid":{"rendered":"https:\/\/www.benkert.info\/produkt\/Ei-luokiteltu\/sicorum-m-300\/"},"modified":"2023-07-04T16:30:18","modified_gmt":"2023-07-04T14:30:18","slug":"sicorum-m-300","status":"publish","type":"product","link":"https:\/\/www.benkert.info\/fi\/produkt\/sicorum-fi\/sicorum-m-300\/","title":{"rendered":"Sicorum M 300"},"content":{"rendered":"","protected":false},"excerpt":{"rendered":"<p>Kokonaan ruostumattomasta ter\u00e4ksest\u00e4 valmistetut katukalusteet: geometriset muodot ovat tyypillisi\u00e4 Sicorum M300:lle. Selke\u00e4t linjat l\u00f6ytyv\u00e4t my\u00f6s kannesta, sill\u00e4 se on valmistettu ruostumattomasta ter\u00e4ksest\u00e4 valmistetusta neli\u00f6putkesta. Yli <a href=\"https:\/\/www.benkert.info\/farben\/\" target=\"_blank\" rel=\"noopener\">8500 v\u00e4rin<\/a> ansiosta suunnittelumahdollisuudet ovat l\u00e4hes rajattomat. Penkkej\u00e4, selk\u00e4nojaton penkki ja p\u00f6yti\u00e4 voidaan yhdist\u00e4\u00e4 houkutteleviksi istuinryhmiksi. Olipa kyse kaupungin keskustasta, koulun pihasta tai puistosta: t\u00e4m\u00e4 tuotesarja inspiroi ja kutsuu viipym\u00e4\u00e4n.<\/p>\n","protected":false},"featured_media":17470,"template":"","meta":{"_acf_changed":false,"content-type":""},"product_brand":[],"product_cat":[1020],"product_tag":[],"class_list":{"0":"post-18865","1":"product","2":"type-product","3":"status-publish","4":"has-post-thumbnail","6":"product_cat-sicorum-fi","8":"first","9":"instock","10":"shipping-taxable","11":"product-type-simple"},"acf":[],"_links":{"self":[{"href":"https:\/\/www.benkert.info\/fi\/wp-json\/wp\/v2\/product\/18865","targetHints":{"allow":["GET"]}}],"collection":[{"href":"https:\/\/www.benkert.info\/fi\/wp-json\/wp\/v2\/product"}],"about":[{"href":"https:\/\/www.benkert.info\/fi\/wp-json\/wp\/v2\/types\/product"}],"wp:featuredmedia":[{"embeddable":true,"href":"https:\/\/www.benkert.info\/fi\/wp-json\/wp\/v2\/media\/17470"}],"wp:attachment":[{"href":"https:\/\/www.benkert.info\/fi\/wp-json\/wp\/v2\/media?parent=18865"}],"wp:term":[{"taxonomy":"product_brand","embeddable":true,"href":"https:\/\/www.benkert.info\/fi\/wp-json\/wp\/v2\/product_brand?post=18865"},{"taxonomy":"product_cat","embeddable":true,"href":"https:\/\/www.benkert.info\/fi\/wp-json\/wp\/v2\/product_cat?post=18865"},{"taxonomy":"product_tag","embeddable":true,"href":"https:\/\/www.benkert.info\/fi\/wp-json\/wp\/v2\/product_tag?post=18865"}],"curies":[{"name":"wp","href":"https:\/\/api.w.org\/{rel}","templated":true}]}}