{"id":18864,"date":"2022-11-18T16:31:18","date_gmt":"2022-11-18T15:31:18","guid":{"rendered":"https:\/\/www.benkert.info\/produkt\/Ei-luokiteltu\/sicorum-m-400\/"},"modified":"2023-07-04T16:27:16","modified_gmt":"2023-07-04T14:27:16","slug":"sicorum-m-400","status":"publish","type":"product","link":"https:\/\/www.benkert.info\/fi\/produkt\/sicorum-fi\/sicorum-m-400\/","title":{"rendered":"Sicorum M 400"},"content":{"rendered":"","protected":false},"excerpt":{"rendered":"<p>Olipa kyseess\u00e4 puistopenkki p\u00f6yd\u00e4n kanssa tai vapaasti seisova penkki: Sicorum M400 tekee vaikutuksen keveydell\u00e4\u00e4n. Se on valmistettu kokonaan ruostumattomasta ter\u00e4ksest\u00e4 ja pulverimaalattu jollakin <a href=\"https:\/\/www.benkert.info\/farben\/\">8500 v\u00e4rist\u00e4<\/a> &#8211; toiveidesi mukaan. Penkkien ja jakkaroiden k\u00e4sinojat ovat valinnaisia. S\u00e4leet sek\u00e4 p\u00f6yd\u00e4n pinta on valmistettu ruostumattomasta ter\u00e4ksest\u00e4. Luo suosikkipaikkoja kaupungissa tai maaseudulla Sicorum M400:n avulla.<\/p>\n","protected":false},"featured_media":17080,"template":"","meta":{"_acf_changed":false,"content-type":""},"product_brand":[],"product_cat":[1020],"product_tag":[],"class_list":{"0":"post-18864","1":"product","2":"type-product","3":"status-publish","4":"has-post-thumbnail","6":"product_cat-sicorum-fi","8":"first","9":"instock","10":"shipping-taxable","11":"product-type-simple"},"acf":[],"_links":{"self":[{"href":"https:\/\/www.benkert.info\/fi\/wp-json\/wp\/v2\/product\/18864","targetHints":{"allow":["GET"]}}],"collection":[{"href":"https:\/\/www.benkert.info\/fi\/wp-json\/wp\/v2\/product"}],"about":[{"href":"https:\/\/www.benkert.info\/fi\/wp-json\/wp\/v2\/types\/product"}],"wp:featuredmedia":[{"embeddable":true,"href":"https:\/\/www.benkert.info\/fi\/wp-json\/wp\/v2\/media\/17080"}],"wp:attachment":[{"href":"https:\/\/www.benkert.info\/fi\/wp-json\/wp\/v2\/media?parent=18864"}],"wp:term":[{"taxonomy":"product_brand","embeddable":true,"href":"https:\/\/www.benkert.info\/fi\/wp-json\/wp\/v2\/product_brand?post=18864"},{"taxonomy":"product_cat","embeddable":true,"href":"https:\/\/www.benkert.info\/fi\/wp-json\/wp\/v2\/product_cat?post=18864"},{"taxonomy":"product_tag","embeddable":true,"href":"https:\/\/www.benkert.info\/fi\/wp-json\/wp\/v2\/product_tag?post=18864"}],"curies":[{"name":"wp","href":"https:\/\/api.w.org\/{rel}","templated":true}]}}