{"id":18863,"date":"2022-11-18T16:31:18","date_gmt":"2022-11-18T15:31:18","guid":{"rendered":"https:\/\/www.benkert.info\/produkt\/Ei-luokiteltu\/sicorum-m-900\/"},"modified":"2023-07-04T16:30:18","modified_gmt":"2023-07-04T14:30:18","slug":"sicorum-m-900","status":"publish","type":"product","link":"https:\/\/www.benkert.info\/fi\/produkt\/sicorum-fi\/sicorum-m-900\/","title":{"rendered":"Sicorum M 900"},"content":{"rendered":"","protected":false},"excerpt":{"rendered":"<p>Moderni, ajaton ja kest\u00e4v\u00e4: Sicorum M900 on kokonaan ruostumattomasta ter\u00e4ksest\u00e4 valmistettu penkki. Ruostumattomasta ter\u00e4ksest\u00e4 valmistettujen neliskulmaisten lamellien ja lineaaristen muotojen leikin ansiosta se on vankka ja laadukas huonekalu julkisiin ja puolijulkisiin tiloihin. Kuten kaikki Benkertin tuotteet, se ei vaadi juuri lainkaan hoitoa ja kest\u00e4\u00e4 vuosikymmeni\u00e4. Hiontaa, maalausta tai korjausta ei tarvita. Luo rauhallisuuden keitaita ulkona!<\/p>\n","protected":false},"featured_media":17087,"template":"","meta":{"_acf_changed":false,"content-type":""},"product_brand":[],"product_cat":[1020],"product_tag":[],"class_list":{"0":"post-18863","1":"product","2":"type-product","3":"status-publish","4":"has-post-thumbnail","6":"product_cat-sicorum-fi","8":"first","9":"instock","10":"shipping-taxable","11":"product-type-simple"},"acf":[],"_links":{"self":[{"href":"https:\/\/www.benkert.info\/fi\/wp-json\/wp\/v2\/product\/18863","targetHints":{"allow":["GET"]}}],"collection":[{"href":"https:\/\/www.benkert.info\/fi\/wp-json\/wp\/v2\/product"}],"about":[{"href":"https:\/\/www.benkert.info\/fi\/wp-json\/wp\/v2\/types\/product"}],"wp:featuredmedia":[{"embeddable":true,"href":"https:\/\/www.benkert.info\/fi\/wp-json\/wp\/v2\/media\/17087"}],"wp:attachment":[{"href":"https:\/\/www.benkert.info\/fi\/wp-json\/wp\/v2\/media?parent=18863"}],"wp:term":[{"taxonomy":"product_brand","embeddable":true,"href":"https:\/\/www.benkert.info\/fi\/wp-json\/wp\/v2\/product_brand?post=18863"},{"taxonomy":"product_cat","embeddable":true,"href":"https:\/\/www.benkert.info\/fi\/wp-json\/wp\/v2\/product_cat?post=18863"},{"taxonomy":"product_tag","embeddable":true,"href":"https:\/\/www.benkert.info\/fi\/wp-json\/wp\/v2\/product_tag?post=18863"}],"curies":[{"name":"wp","href":"https:\/\/api.w.org\/{rel}","templated":true}]}}