{"id":18862,"date":"2022-11-21T11:18:09","date_gmt":"2022-11-21T10:18:09","guid":{"rendered":"https:\/\/www.benkert.info\/produkt\/Ei-luokiteltu\/siardo-30r\/"},"modified":"2023-07-04T16:19:28","modified_gmt":"2023-07-04T14:19:28","slug":"siardo-30-r","status":"publish","type":"product","link":"https:\/\/www.benkert.info\/fi\/produkt\/siardo-fi\/siardo-30-r\/","title":{"rendered":"Siardo 30R"},"content":{"rendered":"","protected":false},"excerpt":{"rendered":"<p>Geometriset muodot kohtaavat py\u00f6re\u00e4n putken. T\u00e4m\u00e4n t\u00e4ysin ruostumattomasta ter\u00e4ksest\u00e4 valmistetun penkin rungon kulmat ja reunat muodostavat t\u00e4ydellisen vuorovaikutuksen py\u00f6reiden putkiistuinten kanssa. Olipa kyseess\u00e4 kolmi- tai nelipaikkainen, selk\u00e4nojaton penkki tai p\u00f6yt\u00e4: tuotesarja on ajaton ja muodoiltaan vahva. Py\u00f6re\u00e4t putkielementit varmistavat, ett\u00e4 lika, kuten lehdet, putoavat yksinkertaisesti l\u00e4pi. Huonekalut ovat nopeasti k\u00e4ytt\u00f6valmiita sadesateen j\u00e4lkeenkin, koska sadevesi voi yksinkertaisesti valua pois.<\/p>\n","protected":false},"featured_media":17030,"template":"","meta":{"_acf_changed":false,"content-type":""},"product_brand":[],"product_cat":[1019],"product_tag":[],"class_list":{"0":"post-18862","1":"product","2":"type-product","3":"status-publish","4":"has-post-thumbnail","6":"product_cat-siardo-fi","8":"first","9":"instock","10":"shipping-taxable","11":"product-type-simple"},"acf":[],"_links":{"self":[{"href":"https:\/\/www.benkert.info\/fi\/wp-json\/wp\/v2\/product\/18862","targetHints":{"allow":["GET"]}}],"collection":[{"href":"https:\/\/www.benkert.info\/fi\/wp-json\/wp\/v2\/product"}],"about":[{"href":"https:\/\/www.benkert.info\/fi\/wp-json\/wp\/v2\/types\/product"}],"wp:featuredmedia":[{"embeddable":true,"href":"https:\/\/www.benkert.info\/fi\/wp-json\/wp\/v2\/media\/17030"}],"wp:attachment":[{"href":"https:\/\/www.benkert.info\/fi\/wp-json\/wp\/v2\/media?parent=18862"}],"wp:term":[{"taxonomy":"product_brand","embeddable":true,"href":"https:\/\/www.benkert.info\/fi\/wp-json\/wp\/v2\/product_brand?post=18862"},{"taxonomy":"product_cat","embeddable":true,"href":"https:\/\/www.benkert.info\/fi\/wp-json\/wp\/v2\/product_cat?post=18862"},{"taxonomy":"product_tag","embeddable":true,"href":"https:\/\/www.benkert.info\/fi\/wp-json\/wp\/v2\/product_tag?post=18862"}],"curies":[{"name":"wp","href":"https:\/\/api.w.org\/{rel}","templated":true}]}}