{"id":18856,"date":"2022-11-18T16:31:17","date_gmt":"2022-11-18T15:31:17","guid":{"rendered":"https:\/\/www.benkert.info\/produkt\/Ei-luokiteltu\/siardo-10r\/"},"modified":"2023-11-02T13:51:09","modified_gmt":"2023-11-02T12:51:09","slug":"siardo-10-r","status":"publish","type":"product","link":"https:\/\/www.benkert.info\/fi\/produkt\/siardo-fi\/siardo-10-r\/","title":{"rendered":"Siardo 10R"},"content":{"rendered":"","protected":false},"excerpt":{"rendered":"<div class=\"flex flex-grow flex-col gap-3 max-w-full\">\n<div class=\"min-h-[20px] flex flex-col items-start gap-3 whitespace-pre-wrap break-words overflow-x-auto\" data-message-author-role=\"assistant\" data-message-id=\"2fb114ee-31c0-4765-b6c6-1d61e005bdde\">\n<div class=\"markdown prose w-full break-words dark:prose-invert light\">\n<p>Kuten tavallista, Siardo 10R -katukalustesarjalle on ominaista sen ensiluokkaiset ominaisuudet. Istuimet on valmistettu korkealaatuisesta ruostumattomasta ter\u00e4ksest\u00e4 valmistetusta py\u00f6re\u00e4st\u00e4 putkesta, joka antaa jalon ulkon\u00e4\u00f6n lis\u00e4ksi my\u00f6s kest\u00e4vyyden ja kest\u00e4vyyden. Jauhemaalauksen ansiosta kalusteet ovat my\u00f6s suojassa s\u00e4\u00e4lt\u00e4 ja s\u00e4ilytt\u00e4v\u00e4t laadukkaan ulkon\u00e4k\u00f6ns\u00e4 useita vuosia.<\/p>\n<p>Siardo 10R -sarjan merkitt\u00e4v\u00e4 ominaisuus on laaja <a href=\"https:\/\/www.benkert.info\/farben\/\">v\u00e4rivalikoima<\/a>, yli <a href=\"https:\/\/www.benkert.info\/farben\/\">8500 v\u00e4rivaihtoehtoa<\/a>, jonka ansiosta kalusteet voidaan sovittaa t\u00e4ydellisesti ymp\u00e4rist\u00f6\u00f6ns\u00e4. Istuimia on saatavana eri pituisia, mik\u00e4 mahdollistaa joustavan sijoittelun. Sarja tarjoaa monipuolisen valikoiman tuoleja, penkkej\u00e4 ja jakkarapenkkej\u00e4 yksil\u00f6llisiin tarpeisiin.<\/p>\n<p>Erityisen hienoa on jalkojen muotoilu, jotka ovat ep\u00e4tavallisen muotoiset ja antavat huonekalulle keveytt\u00e4. Siardo 10R ei siis ole pelk\u00e4st\u00e4\u00e4n toimiva vaan my\u00f6s katseenvangitsija miss\u00e4 tahansa kaupunkitilassa tai <a href=\"https:\/\/www.benkert.info\/stadtmoebel-fuer-kommunen\/\">julkisessa tilassa<\/a>. T\u00e4m\u00e4n sarjan avulla voit luoda tyylikk\u00e4\u00e4n ymp\u00e4rist\u00f6n mukavuuden ja estetiikan tasapainon avulla.<\/p>\n<\/div>\n<\/div>\n<\/div>\n","protected":false},"featured_media":17133,"template":"","meta":{"_acf_changed":false,"content-type":""},"product_brand":[],"product_cat":[1019],"product_tag":[],"class_list":{"0":"post-18856","1":"product","2":"type-product","3":"status-publish","4":"has-post-thumbnail","6":"product_cat-siardo-fi","8":"first","9":"instock","10":"shipping-taxable","11":"product-type-simple"},"acf":[],"_links":{"self":[{"href":"https:\/\/www.benkert.info\/fi\/wp-json\/wp\/v2\/product\/18856","targetHints":{"allow":["GET"]}}],"collection":[{"href":"https:\/\/www.benkert.info\/fi\/wp-json\/wp\/v2\/product"}],"about":[{"href":"https:\/\/www.benkert.info\/fi\/wp-json\/wp\/v2\/types\/product"}],"wp:featuredmedia":[{"embeddable":true,"href":"https:\/\/www.benkert.info\/fi\/wp-json\/wp\/v2\/media\/17133"}],"wp:attachment":[{"href":"https:\/\/www.benkert.info\/fi\/wp-json\/wp\/v2\/media?parent=18856"}],"wp:term":[{"taxonomy":"product_brand","embeddable":true,"href":"https:\/\/www.benkert.info\/fi\/wp-json\/wp\/v2\/product_brand?post=18856"},{"taxonomy":"product_cat","embeddable":true,"href":"https:\/\/www.benkert.info\/fi\/wp-json\/wp\/v2\/product_cat?post=18856"},{"taxonomy":"product_tag","embeddable":true,"href":"https:\/\/www.benkert.info\/fi\/wp-json\/wp\/v2\/product_tag?post=18856"}],"curies":[{"name":"wp","href":"https:\/\/api.w.org\/{rel}","templated":true}]}}