{"id":18850,"date":"2022-11-18T11:15:17","date_gmt":"2022-11-18T10:15:17","guid":{"rendered":"https:\/\/www.benkert.info\/produkt\/Ei-luokiteltu\/comfony-40\/"},"modified":"2024-03-22T11:23:01","modified_gmt":"2024-03-22T10:23:01","slug":"comfony-40","status":"publish","type":"product","link":"https:\/\/www.benkert.info\/fi\/produkt\/comfony-fi\/comfony-40\/","title":{"rendered":"Comfony 40"},"content":{"rendered":"","protected":false},"excerpt":{"rendered":"<p>Comfony 40 tekee vaikutuksen modernilla ja suoraviivaisella muotoilullaan ja selkeill\u00e4 muodoillaan, jotka sopivat t\u00e4ydellisesti julkisiin tiloihin. Penkin jalkojen suljetut sivut korostavat t\u00e4m\u00e4n katukalusteen korkeaa laatua ja tekev\u00e4t siit\u00e4 katseenvangitsijan vilkkailla julkisilla alueilla. <\/p>\n<p>T\u00e4ss\u00e4 puistopenkkisarjassa on selk\u00e4nojalla varustettujen ja selk\u00e4nojattomien penkkien lis\u00e4ksi my\u00f6s mahdollisuus <b>jakaa selk\u00e4noja ja kiinnitt\u00e4\u00e4 se vain toiselle puolelle.<\/b><\/p>\n<p>Comfony 40:n runko on valmistettu jauhemaalatusta ruostumattomasta ter\u00e4ksest\u00e4, joka takaa poikkeuksellisen lujuuden ja kest\u00e4vyyden. Ruostumaton ter\u00e4s on tunnettu s\u00e4\u00e4nkest\u00e4vyydest\u00e4\u00e4n ja kyvyst\u00e4\u00e4n s\u00e4ilytt\u00e4\u00e4 vakauttaan my\u00f6s vaativissa s\u00e4\u00e4olosuhteissa. T\u00e4m\u00e4n ansiosta Comfony 40 sopii erinomaisesti ymp\u00e4rivuotiseen ulkok\u00e4ytt\u00f6\u00f6n.  <\/p>\n<p>Comfony 40:n kansi on valmistettu Thermo-PET-pinnoitetusta alumiinineli\u00f6st\u00e4. T\u00e4m\u00e4 materiaali tarjoaa esteettisesti miellytt\u00e4v\u00e4n pinnan, mutta on my\u00f6s eritt\u00e4in kest\u00e4v\u00e4 ja vankka. Thermo-PET on my\u00f6s s\u00e4\u00e4nkest\u00e4v\u00e4 ja UV-kest\u00e4v\u00e4, joten penkki s\u00e4ilytt\u00e4\u00e4 v\u00e4rins\u00e4 ja muotonsa, vaikka se altistuisi auringonvalolle ja vaihteleville s\u00e4\u00e4olosuhteille. Toinen etu on, ett\u00e4 Thermo-PET on valmistettu 100-prosenttisesti kierr\u00e4tysmateriaalista, mik\u00e4 korostaa Comfony 40:n ymp\u00e4rist\u00f6yst\u00e4v\u00e4llisyytt\u00e4. Sit\u00e4 on saatavana <a href=\"\">kahdeksassa eri v\u00e4riss\u00e4<\/a>, jotka rikastuttavat julkisten tilojen suunnittelua ja vastaavat yksil\u00f6llisi\u00e4 tarpeita. Translated with www.DeepL.com\/Translator (free version)    <\/p>\n<p>Comfony 40 on my\u00f6s eritt\u00e4in helppohoitoinen. Laadukkaiden materiaalien ja huolellisen valmistuksen yhdistelm\u00e4 takaa, ett\u00e4 se on l\u00e4hes tuhoutumaton ja s\u00e4ilyy houkuttelevana monta vuotta, vaikka sit\u00e4 k\u00e4ytett\u00e4isiinkin intensiivisesti. Siksi se on ihanteellinen valinta katukalusteisiin, joiden on oltava sek\u00e4 esteettisesti miellytt\u00e4vi\u00e4 ett\u00e4 toimivia ja kest\u00e4vi\u00e4. Investoi Comfony 40 -katukalusteeseen, joka parantaa kaupunkisi julkisten tilojen laatua ja viihtyisyytt\u00e4. Translated with www.DeepL.com\/Translator (free version)   <\/p>\n","protected":false},"featured_media":16924,"template":"","meta":{"_acf_changed":false,"content-type":""},"product_brand":[],"product_cat":[1016],"product_tag":[],"class_list":{"0":"post-18850","1":"product","2":"type-product","3":"status-publish","4":"has-post-thumbnail","6":"product_cat-comfony-fi","8":"first","9":"instock","10":"shipping-taxable","11":"product-type-simple"},"acf":[],"_links":{"self":[{"href":"https:\/\/www.benkert.info\/fi\/wp-json\/wp\/v2\/product\/18850","targetHints":{"allow":["GET"]}}],"collection":[{"href":"https:\/\/www.benkert.info\/fi\/wp-json\/wp\/v2\/product"}],"about":[{"href":"https:\/\/www.benkert.info\/fi\/wp-json\/wp\/v2\/types\/product"}],"wp:featuredmedia":[{"embeddable":true,"href":"https:\/\/www.benkert.info\/fi\/wp-json\/wp\/v2\/media\/16924"}],"wp:attachment":[{"href":"https:\/\/www.benkert.info\/fi\/wp-json\/wp\/v2\/media?parent=18850"}],"wp:term":[{"taxonomy":"product_brand","embeddable":true,"href":"https:\/\/www.benkert.info\/fi\/wp-json\/wp\/v2\/product_brand?post=18850"},{"taxonomy":"product_cat","embeddable":true,"href":"https:\/\/www.benkert.info\/fi\/wp-json\/wp\/v2\/product_cat?post=18850"},{"taxonomy":"product_tag","embeddable":true,"href":"https:\/\/www.benkert.info\/fi\/wp-json\/wp\/v2\/product_tag?post=18850"}],"curies":[{"name":"wp","href":"https:\/\/api.w.org\/{rel}","templated":true}]}}