{"id":18848,"date":"2022-11-18T11:16:17","date_gmt":"2022-11-18T10:16:17","guid":{"rendered":"https:\/\/www.benkert.info\/produkt\/Ei-luokiteltu\/comfony-50\/"},"modified":"2023-07-04T15:51:03","modified_gmt":"2023-07-04T13:51:03","slug":"comfony-50","status":"publish","type":"product","link":"https:\/\/www.benkert.info\/fi\/produkt\/comfony-fi\/comfony-50\/","title":{"rendered":"Comfony 50"},"content":{"rendered":"","protected":false},"excerpt":{"rendered":"<p>Erityispenkki kunnille ja yritysasiakkaille. Olipa kyseess\u00e4 sitten yritysalueen ulkoalue, kaupungin keskusta tai paikka maaseudulla: moderni selk\u00e4nojaton penkki , jossa on ep\u00e4keskojalusta, luo paitsi visuaalisen el\u00e4myksen my\u00f6s ennen kaikkea ep\u00e4tavallisen ja kutsuvan istuinvaihtoehdon. Runko on valmistettu jauhemaalatusta ruostumattomasta ter\u00e4ksest\u00e4. Kansi on valmistettu alumiinisesta neli\u00f6putkesta, joka on p\u00e4\u00e4llystetty Thermo-PET:ll\u00e4. K\u00e4ytettyjen materiaalien ansiosta penkki on s\u00e4\u00e4nkest\u00e4v\u00e4, kest\u00e4v\u00e4, UV-s\u00e4teilyn kest\u00e4v\u00e4 ja ennen kaikkea helppo puhdistaa. Vuosikymmenten k\u00e4yt\u00f6n j\u00e4lkeen jokainen penkki on 100-prosenttisesti kierr\u00e4tett\u00e4viss\u00e4. Muuten: terassin voi my\u00f6s helposti vaihtaa vuosien k\u00e4yt\u00f6n j\u00e4lkeen.<\/p>\n","protected":false},"featured_media":16930,"template":"","meta":{"_acf_changed":false,"content-type":""},"product_brand":[],"product_cat":[1016],"product_tag":[],"class_list":{"0":"post-18848","1":"product","2":"type-product","3":"status-publish","4":"has-post-thumbnail","6":"product_cat-comfony-fi","8":"first","9":"instock","10":"shipping-taxable","11":"product-type-simple"},"acf":[],"_links":{"self":[{"href":"https:\/\/www.benkert.info\/fi\/wp-json\/wp\/v2\/product\/18848","targetHints":{"allow":["GET"]}}],"collection":[{"href":"https:\/\/www.benkert.info\/fi\/wp-json\/wp\/v2\/product"}],"about":[{"href":"https:\/\/www.benkert.info\/fi\/wp-json\/wp\/v2\/types\/product"}],"wp:featuredmedia":[{"embeddable":true,"href":"https:\/\/www.benkert.info\/fi\/wp-json\/wp\/v2\/media\/16930"}],"wp:attachment":[{"href":"https:\/\/www.benkert.info\/fi\/wp-json\/wp\/v2\/media?parent=18848"}],"wp:term":[{"taxonomy":"product_brand","embeddable":true,"href":"https:\/\/www.benkert.info\/fi\/wp-json\/wp\/v2\/product_brand?post=18848"},{"taxonomy":"product_cat","embeddable":true,"href":"https:\/\/www.benkert.info\/fi\/wp-json\/wp\/v2\/product_cat?post=18848"},{"taxonomy":"product_tag","embeddable":true,"href":"https:\/\/www.benkert.info\/fi\/wp-json\/wp\/v2\/product_tag?post=18848"}],"curies":[{"name":"wp","href":"https:\/\/api.w.org\/{rel}","templated":true}]}}