{"id":18847,"date":"2022-11-18T16:33:17","date_gmt":"2022-11-18T15:33:17","guid":{"rendered":"https:\/\/www.benkert.info\/produkt\/Ei-luokiteltu\/comfony-140\/"},"modified":"2023-07-04T15:50:54","modified_gmt":"2023-07-04T13:50:54","slug":"comfony-140","status":"publish","type":"product","link":"https:\/\/www.benkert.info\/fi\/produkt\/comfony-fi\/comfony-140\/","title":{"rendered":"Comfony 140"},"content":{"rendered":"","protected":false},"excerpt":{"rendered":"<p>Moderni Comfony 140 -puistopenkki vakuuttaa penkkien, selk\u00e4nojaton penkki ja p\u00f6yd\u00e4n kanssa. N\u00e4in voidaan suunnitella kokonaisia istuinryhmi\u00e4 nykyaikaisilla muodoilla. Jalkojen kaaret muodostavat harmonisen kontrastin suorien pintojen kanssa. Kuten kaikissa Comfony-malleissa, runko on valmistettu jauhemaalatusta ruostumattomasta ter\u00e4ksest\u00e4. Istuin- ja p\u00f6yt\u00e4pinnat on puolestaan valmistettu alumiinisesta neli\u00f6putkesta, joka on p\u00e4\u00e4llystetty UV-kest\u00e4v\u00e4ll\u00e4 Thermo-PET-levyll\u00e4. Kest\u00e4v\u00e4, vankka ja s\u00e4\u00e4nkest\u00e4v\u00e4.<\/p>\n","protected":false},"featured_media":16934,"template":"","meta":{"_acf_changed":false,"content-type":""},"product_brand":[],"product_cat":[1016],"product_tag":[],"class_list":{"0":"post-18847","1":"product","2":"type-product","3":"status-publish","4":"has-post-thumbnail","6":"product_cat-comfony-fi","8":"first","9":"instock","10":"shipping-taxable","11":"product-type-simple"},"acf":[],"_links":{"self":[{"href":"https:\/\/www.benkert.info\/fi\/wp-json\/wp\/v2\/product\/18847","targetHints":{"allow":["GET"]}}],"collection":[{"href":"https:\/\/www.benkert.info\/fi\/wp-json\/wp\/v2\/product"}],"about":[{"href":"https:\/\/www.benkert.info\/fi\/wp-json\/wp\/v2\/types\/product"}],"wp:featuredmedia":[{"embeddable":true,"href":"https:\/\/www.benkert.info\/fi\/wp-json\/wp\/v2\/media\/16934"}],"wp:attachment":[{"href":"https:\/\/www.benkert.info\/fi\/wp-json\/wp\/v2\/media?parent=18847"}],"wp:term":[{"taxonomy":"product_brand","embeddable":true,"href":"https:\/\/www.benkert.info\/fi\/wp-json\/wp\/v2\/product_brand?post=18847"},{"taxonomy":"product_cat","embeddable":true,"href":"https:\/\/www.benkert.info\/fi\/wp-json\/wp\/v2\/product_cat?post=18847"},{"taxonomy":"product_tag","embeddable":true,"href":"https:\/\/www.benkert.info\/fi\/wp-json\/wp\/v2\/product_tag?post=18847"}],"curies":[{"name":"wp","href":"https:\/\/api.w.org\/{rel}","templated":true}]}}