{"id":18846,"date":"2022-11-18T16:32:17","date_gmt":"2022-11-18T15:32:17","guid":{"rendered":"https:\/\/www.benkert.info\/produkt\/Ei-luokiteltu\/comfony-s20\/"},"modified":"2023-11-13T13:53:32","modified_gmt":"2023-11-13T12:53:32","slug":"comfony-s20","status":"publish","type":"product","link":"https:\/\/www.benkert.info\/fi\/produkt\/comfony-fi\/comfony-s20\/","title":{"rendered":"Comfony S20"},"content":{"rendered":"","protected":false},"excerpt":{"rendered":"<p>Comfony S20 -sarjan katukalusteet ovat juuri sopiva tasapaino poikkeuksellisen puistopenkin ja modernin muotoilun aksenttien v\u00e4lill\u00e4 kaupunkikuvassa. Yhden keskeisen jalustan ansiosta t\u00e4m\u00e4n sarjan huonekalut ovat ehdoton katseenvangitsija, olipa kyseess\u00e4 sitten penkki, selk\u00e4nojaton penkki tai kokonainen istuinryhm\u00e4 p\u00f6yd\u00e4n kanssa. Toinen erityispiirre &#8211; muotoilun lis\u00e4ksi &#8211; ovat k\u00e4ytetyt materiaalit. Kuten kaikissa Comfony-malleissa, runko on jauhemaalattua ruostumatonta ter\u00e4st\u00e4. Istuin ja pinnat on valmistettu l\u00e4mp\u00f6-PET-pinnoitetusta alumiinineli\u00f6st\u00e4. T\u00e4m\u00e4 tarkoittaa, ett\u00e4 puistonpenkit ovat paitsi UV-s\u00e4teily\u00e4 kest\u00e4vi\u00e4, vankkoja ja helppohoitoisia my\u00f6s kest\u00e4vi\u00e4: koska terassin voi vaihtaa muutamalla yksinkertaisella toimenpiteell\u00e4 vuosien k\u00e4yt\u00f6n j\u00e4lkeen.<\/p>\n","protected":false},"featured_media":16946,"template":"","meta":{"_acf_changed":false,"content-type":""},"product_brand":[],"product_cat":[1016],"product_tag":[],"class_list":{"0":"post-18846","1":"product","2":"type-product","3":"status-publish","4":"has-post-thumbnail","6":"product_cat-comfony-fi","8":"first","9":"instock","10":"shipping-taxable","11":"product-type-simple"},"acf":[],"_links":{"self":[{"href":"https:\/\/www.benkert.info\/fi\/wp-json\/wp\/v2\/product\/18846","targetHints":{"allow":["GET"]}}],"collection":[{"href":"https:\/\/www.benkert.info\/fi\/wp-json\/wp\/v2\/product"}],"about":[{"href":"https:\/\/www.benkert.info\/fi\/wp-json\/wp\/v2\/types\/product"}],"wp:featuredmedia":[{"embeddable":true,"href":"https:\/\/www.benkert.info\/fi\/wp-json\/wp\/v2\/media\/16946"}],"wp:attachment":[{"href":"https:\/\/www.benkert.info\/fi\/wp-json\/wp\/v2\/media?parent=18846"}],"wp:term":[{"taxonomy":"product_brand","embeddable":true,"href":"https:\/\/www.benkert.info\/fi\/wp-json\/wp\/v2\/product_brand?post=18846"},{"taxonomy":"product_cat","embeddable":true,"href":"https:\/\/www.benkert.info\/fi\/wp-json\/wp\/v2\/product_cat?post=18846"},{"taxonomy":"product_tag","embeddable":true,"href":"https:\/\/www.benkert.info\/fi\/wp-json\/wp\/v2\/product_tag?post=18846"}],"curies":[{"name":"wp","href":"https:\/\/api.w.org\/{rel}","templated":true}]}}