{"id":18845,"date":"2022-11-18T15:35:17","date_gmt":"2022-11-18T14:35:17","guid":{"rendered":"https:\/\/www.benkert.info\/produkt\/Ei-luokiteltu\/comfony-400\/"},"modified":"2023-07-04T15:51:08","modified_gmt":"2023-07-04T13:51:08","slug":"comfony-400","status":"publish","type":"product","link":"https:\/\/www.benkert.info\/fi\/produkt\/comfony-fi\/comfony-400\/","title":{"rendered":"Comfony 400"},"content":{"rendered":"","protected":false},"excerpt":{"rendered":"<p>Olipa kyseess\u00e4 kaupunkipuisto, tori, k\u00e4velykatu tai kyl\u00e4aukio: Comfony 400 edustaa ajatonta avoimen tilan sisustusta. Avoin muotoilu ja kaksi jalkaa tekev\u00e4t siit\u00e4 modernin n\u00e4k\u00f6isen. Olipa kyseess\u00e4 penkki k\u00e4sinojilla tai k\u00e4sinojilla, selk\u00e4nojaton penkki tai istuinryhm\u00e4 p\u00f6yd\u00e4n kanssa, t\u00e4m\u00e4 tuotesarja kutsuu aina viipym\u00e4\u00e4n. Ruostumattomasta ter\u00e4ksest\u00e4 valmistetun rungon ja l\u00e4mp\u00f6-PET-p\u00e4\u00e4llysteen yhdistelm\u00e4, jonka ytimess\u00e4 on alumiinia, tekee siit\u00e4, kuten kaikista Benkertin tuotteista, kest\u00e4v\u00e4n, s\u00e4\u00e4nkest\u00e4v\u00e4n ja eritt\u00e4in helppohoitoisen.<\/p>\n","protected":false},"featured_media":16941,"template":"","meta":{"_acf_changed":false,"content-type":""},"product_brand":[],"product_cat":[1016],"product_tag":[],"class_list":{"0":"post-18845","1":"product","2":"type-product","3":"status-publish","4":"has-post-thumbnail","6":"product_cat-comfony-fi","8":"first","9":"instock","10":"shipping-taxable","11":"product-type-simple"},"acf":[],"_links":{"self":[{"href":"https:\/\/www.benkert.info\/fi\/wp-json\/wp\/v2\/product\/18845","targetHints":{"allow":["GET"]}}],"collection":[{"href":"https:\/\/www.benkert.info\/fi\/wp-json\/wp\/v2\/product"}],"about":[{"href":"https:\/\/www.benkert.info\/fi\/wp-json\/wp\/v2\/types\/product"}],"wp:featuredmedia":[{"embeddable":true,"href":"https:\/\/www.benkert.info\/fi\/wp-json\/wp\/v2\/media\/16941"}],"wp:attachment":[{"href":"https:\/\/www.benkert.info\/fi\/wp-json\/wp\/v2\/media?parent=18845"}],"wp:term":[{"taxonomy":"product_brand","embeddable":true,"href":"https:\/\/www.benkert.info\/fi\/wp-json\/wp\/v2\/product_brand?post=18845"},{"taxonomy":"product_cat","embeddable":true,"href":"https:\/\/www.benkert.info\/fi\/wp-json\/wp\/v2\/product_cat?post=18845"},{"taxonomy":"product_tag","embeddable":true,"href":"https:\/\/www.benkert.info\/fi\/wp-json\/wp\/v2\/product_tag?post=18845"}],"curies":[{"name":"wp","href":"https:\/\/api.w.org\/{rel}","templated":true}]}}