{"id":18844,"date":"2022-11-18T16:34:17","date_gmt":"2022-11-18T15:34:17","guid":{"rendered":"https:\/\/www.benkert.info\/produkt\/Ei-luokiteltu\/comfony-150\/"},"modified":"2023-07-04T15:50:52","modified_gmt":"2023-07-04T13:50:52","slug":"comfony-150","status":"publish","type":"product","link":"https:\/\/www.benkert.info\/fi\/produkt\/comfony-fi\/comfony-150\/","title":{"rendered":"Comfony 150"},"content":{"rendered":"","protected":false},"excerpt":{"rendered":"<p>Py\u00f6re\u00e4 asia &#8211; suosittu Comfony 150 -penkkimallimme innostaa kaarevilla k\u00e4sinojilla, jotka kohtaavat istuinten suorat linjat. T\u00e4t\u00e4 penkkimallia ja siihen liittyv\u00e4\u00e4 selk\u00e4nojaton penkki on saatavana my\u00f6s senioriyst\u00e4v\u00e4llisen\u00e4 versiona. T\u00e4m\u00e4 tarkoittaa sit\u00e4, ett\u00e4 istuinta ja selk\u00e4nojaa ei ole vain nostettu hieman, vaan my\u00f6s kallistusta on s\u00e4\u00e4detty. T\u00e4m\u00e4 helpottaa huomattavasti i\u00e4kk\u00e4iden tai liikuntarajoitteisten ihmisten nousemista ja istumista.<br \/>\nRunko on valmistettu ruostumattomasta ter\u00e4ksest\u00e4, kun taas kansi koostuu alumiinisesta neli\u00f6putkesta, joka on p\u00e4\u00e4llystetty Thermo-PET:ll\u00e4.<br \/>\nKaikilla tuotteilla on yksi yhteinen piirre: ne eiv\u00e4t ole vain modernia ja ajatonta muotoilua, vaan my\u00f6s toimivia ja kest\u00e4vi\u00e4.<\/p>\n","protected":false},"featured_media":16937,"template":"","meta":{"_acf_changed":false,"content-type":""},"product_brand":[],"product_cat":[1016],"product_tag":[],"class_list":{"0":"post-18844","1":"product","2":"type-product","3":"status-publish","4":"has-post-thumbnail","6":"product_cat-comfony-fi","8":"first","9":"instock","10":"shipping-taxable","11":"product-type-simple"},"acf":[],"_links":{"self":[{"href":"https:\/\/www.benkert.info\/fi\/wp-json\/wp\/v2\/product\/18844","targetHints":{"allow":["GET"]}}],"collection":[{"href":"https:\/\/www.benkert.info\/fi\/wp-json\/wp\/v2\/product"}],"about":[{"href":"https:\/\/www.benkert.info\/fi\/wp-json\/wp\/v2\/types\/product"}],"wp:featuredmedia":[{"embeddable":true,"href":"https:\/\/www.benkert.info\/fi\/wp-json\/wp\/v2\/media\/16937"}],"wp:attachment":[{"href":"https:\/\/www.benkert.info\/fi\/wp-json\/wp\/v2\/media?parent=18844"}],"wp:term":[{"taxonomy":"product_brand","embeddable":true,"href":"https:\/\/www.benkert.info\/fi\/wp-json\/wp\/v2\/product_brand?post=18844"},{"taxonomy":"product_cat","embeddable":true,"href":"https:\/\/www.benkert.info\/fi\/wp-json\/wp\/v2\/product_cat?post=18844"},{"taxonomy":"product_tag","embeddable":true,"href":"https:\/\/www.benkert.info\/fi\/wp-json\/wp\/v2\/product_tag?post=18844"}],"curies":[{"name":"wp","href":"https:\/\/api.w.org\/{rel}","templated":true}]}}