{"id":18843,"date":"2022-11-21T11:00:40","date_gmt":"2022-11-21T10:00:40","guid":{"rendered":"https:\/\/www.benkert.info\/produkt\/Ei-luokiteltu\/comfony-10\/"},"modified":"2023-11-02T16:19:27","modified_gmt":"2023-11-02T15:19:27","slug":"comfony-10-fi","status":"publish","type":"product","link":"https:\/\/www.benkert.info\/fi\/produkt\/comfony-fi\/comfony-10-fi\/","title":{"rendered":"Comfony 10"},"content":{"rendered":"","protected":false},"excerpt":{"rendered":"<p>Nykyaikainen kaupunkisuunnittelu on ratkaisevan t\u00e4rke\u00e4\u00e4 kaupunkitilojen houkuttelevuuden ja toimivuuden kannalta. Olipa kyseess\u00e4 vilkas k\u00e4velykatu, vieh\u00e4tt\u00e4v\u00e4 rantakatu, vehre\u00e4 kaupunkipuisto tai vilkas tori, laadukkaat istuimet ovat v\u00e4ltt\u00e4m\u00e4t\u00f6n osa. T\u00e4ss\u00e4 kohtaa Comfony 10 tulee kuvaan mukaan: penkkien, p\u00f6ytien ja jakkaroiden avulla se tarjoaa monipuolisen ratkaisun julkisten tilojen suunnittelun optimoimiseksi kest\u00e4v\u00e4ll\u00e4 tavalla.<\/p>\n<p>Comfony 10 -sarjalle on ominaista sen selke\u00e4t linjat ja laadukkaiden materiaalien k\u00e4ytt\u00f6. Penkit ja istuinryhm\u00e4t on varustettu alumiinisella neli\u00f6listalla, jossa on l\u00e4mp\u00f6-PET-vaippa. T\u00e4m\u00e4 vaippa on valmistettu 100-prosenttisesti kierr\u00e4tysmateriaalista.<\/p>\n<p>T\u00e4m\u00e4 yhdistelm\u00e4 takaa pitk\u00e4ik\u00e4isyyden ja minimoi my\u00f6s huoltotoimenpiteet huomattavasti. Kest\u00e4v\u00e4t puistonpenkit ja istuinryhm\u00e4t ovat my\u00f6s s\u00e4\u00e4nkest\u00e4vi\u00e4 ja soveltuvat erinomaisesti julkisiin tiloihin. Lis\u00e4ksi kalusteiden rungot on valmistettu ruostumattomasta ter\u00e4ksest\u00e4, mik\u00e4 takaa lis\u00e4\u00e4 vakautta ja kest\u00e4vyytt\u00e4. N\u00e4in ollen Comfony 10 -katukalusteet kaunistavat kaupunkikuvaa vuosikymmenien ajan ja rikastuttavat kaupunkisuunnittelua kest\u00e4v\u00e4ll\u00e4 tavalla.<\/p>\n<p>Toinen t\u00e4rke\u00e4 n\u00e4k\u00f6kohta on Comfony 10 -sarjan ymp\u00e4rist\u00f6yhteensopivuus. Kaikki huonekalut ovat 100-prosenttisesti kierr\u00e4tett\u00e4vi\u00e4, mik\u00e4 tarkoittaa, ett\u00e4 ne voidaan kierr\u00e4tt\u00e4\u00e4 niiden pitk\u00e4n k\u00e4ytt\u00f6i\u00e4n p\u00e4\u00e4tytty\u00e4. T\u00e4m\u00e4 korostaa sitoutumista kest\u00e4vyyteen ja ymp\u00e4rist\u00f6nsuojeluun, mik\u00e4 on erityisen t\u00e4rke\u00e4\u00e4 julkisissa tiloissa. Jos etsit nykyaikaista ja kest\u00e4v\u00e4\u00e4 ratkaisua kaupunkisuunnitteluun, Comfony 10 -penkit, -p\u00f6yd\u00e4t ja -jakkarat ovat ihanteellinen valinta. Ne eiv\u00e4t ainoastaan tarjoa mukavuutta ja toiminnallisuutta, vaan my\u00f6s parantavat kaupunkisi kauneutta ja el\u00e4m\u00e4nlaatua. Investoi nykyaikaiseen kaupunkisuunnitteluun Comfony 10:n avulla ja hy\u00f6dy julkisen tilan pitk\u00e4aikaisesta arvosta ja esteettisest\u00e4 lis\u00e4arvosta.<\/p>\n","protected":false},"featured_media":17096,"template":"","meta":{"_acf_changed":false,"content-type":""},"product_brand":[],"product_cat":[1016],"product_tag":[],"class_list":{"0":"post-18843","1":"product","2":"type-product","3":"status-publish","4":"has-post-thumbnail","6":"product_cat-comfony-fi","8":"first","9":"instock","10":"shipping-taxable","11":"product-type-simple"},"acf":[],"_links":{"self":[{"href":"https:\/\/www.benkert.info\/fi\/wp-json\/wp\/v2\/product\/18843","targetHints":{"allow":["GET"]}}],"collection":[{"href":"https:\/\/www.benkert.info\/fi\/wp-json\/wp\/v2\/product"}],"about":[{"href":"https:\/\/www.benkert.info\/fi\/wp-json\/wp\/v2\/types\/product"}],"wp:featuredmedia":[{"embeddable":true,"href":"https:\/\/www.benkert.info\/fi\/wp-json\/wp\/v2\/media\/17096"}],"wp:attachment":[{"href":"https:\/\/www.benkert.info\/fi\/wp-json\/wp\/v2\/media?parent=18843"}],"wp:term":[{"taxonomy":"product_brand","embeddable":true,"href":"https:\/\/www.benkert.info\/fi\/wp-json\/wp\/v2\/product_brand?post=18843"},{"taxonomy":"product_cat","embeddable":true,"href":"https:\/\/www.benkert.info\/fi\/wp-json\/wp\/v2\/product_cat?post=18843"},{"taxonomy":"product_tag","embeddable":true,"href":"https:\/\/www.benkert.info\/fi\/wp-json\/wp\/v2\/product_tag?post=18843"}],"curies":[{"name":"wp","href":"https:\/\/api.w.org\/{rel}","templated":true}]}}