{"id":18842,"date":"2022-11-21T12:05:06","date_gmt":"2022-11-21T11:05:06","guid":{"rendered":"https:\/\/www.benkert.info\/produkt\/Ei-luokiteltu\/comfony-600\/"},"modified":"2023-07-04T15:50:49","modified_gmt":"2023-07-04T13:50:49","slug":"comfony-600","status":"publish","type":"product","link":"https:\/\/www.benkert.info\/fi\/produkt\/comfony-fi\/comfony-600\/","title":{"rendered":"Comfony 600"},"content":{"rendered":"","protected":false},"excerpt":{"rendered":"<p>Rentoutuminen ulkona: Comfony 600 -lepotuoli kutsuu rentoutumaan ja viipym\u00e4\u00e4n. Kansi koostuu alumiinisesta neli\u00f6putkesta, joka on p\u00e4\u00e4llystetty Thermo-PET:ll\u00e4. Vuosien k\u00e4yt\u00f6n j\u00e4lkeen terassin voi vaihtaa milloin tahansa muutamalla yksinkertaisella toimenpiteell\u00e4. Julkisiin ja puolijulkisiin tiloihin tarkoitettu lepotuoli on t\u00e4ysin s\u00e4\u00e4nkest\u00e4v\u00e4 ja helppohoitoinen, ja se voi my\u00f6s olla ulkona ymp\u00e4ri vuoden.<\/p>\n","protected":false},"featured_media":17139,"template":"","meta":{"_acf_changed":false,"content-type":""},"product_brand":[],"product_cat":[1016],"product_tag":[],"class_list":{"0":"post-18842","1":"product","2":"type-product","3":"status-publish","4":"has-post-thumbnail","6":"product_cat-comfony-fi","8":"first","9":"instock","10":"shipping-taxable","11":"product-type-simple"},"acf":[],"_links":{"self":[{"href":"https:\/\/www.benkert.info\/fi\/wp-json\/wp\/v2\/product\/18842","targetHints":{"allow":["GET"]}}],"collection":[{"href":"https:\/\/www.benkert.info\/fi\/wp-json\/wp\/v2\/product"}],"about":[{"href":"https:\/\/www.benkert.info\/fi\/wp-json\/wp\/v2\/types\/product"}],"wp:featuredmedia":[{"embeddable":true,"href":"https:\/\/www.benkert.info\/fi\/wp-json\/wp\/v2\/media\/17139"}],"wp:attachment":[{"href":"https:\/\/www.benkert.info\/fi\/wp-json\/wp\/v2\/media?parent=18842"}],"wp:term":[{"taxonomy":"product_brand","embeddable":true,"href":"https:\/\/www.benkert.info\/fi\/wp-json\/wp\/v2\/product_brand?post=18842"},{"taxonomy":"product_cat","embeddable":true,"href":"https:\/\/www.benkert.info\/fi\/wp-json\/wp\/v2\/product_cat?post=18842"},{"taxonomy":"product_tag","embeddable":true,"href":"https:\/\/www.benkert.info\/fi\/wp-json\/wp\/v2\/product_tag?post=18842"}],"curies":[{"name":"wp","href":"https:\/\/api.w.org\/{rel}","templated":true}]}}