{"id":18743,"date":"2022-11-18T16:31:16","date_gmt":"2022-11-18T15:31:16","guid":{"rendered":"https:\/\/www.benkert.info\/produkt\/Ei-luokiteltu\/chalidor-500\/"},"modified":"2023-11-08T14:25:08","modified_gmt":"2023-11-08T13:25:08","slug":"chalidor-500","status":"publish","type":"product","link":"https:\/\/www.benkert.info\/fi\/produkt\/chalidor-fi\/chalidor-500\/","title":{"rendered":"Chalidor 500"},"content":{"rendered":"","protected":false},"excerpt":{"rendered":"<p>Ruostumattomasta ter\u00e4ksest\u00e4 valmistettu Chalidor 500 -tuotesarja on katukaluste, jolle on ominaista poikkeuksellinen muotoilu ja t\u00e4ydellinen istuinmukavuus. N\u00e4m\u00e4 huonekalut ylitt\u00e4v\u00e4t perinteiset puistonpenkit, sill\u00e4 ne ilment\u00e4v\u00e4t eleganssia ja toiminnallisuutta t\u00e4ydellisess\u00e4 harmoniassa.<\/p>\n<p>Chalidor 500 -penkkien erityispiirre ovat pystysuorat, yhdensuuntaiset linjat, jotka luovat modernin ja selke\u00e4n muotoilun, jolle on ominaista vertaansa vailla oleva avoimuus. T\u00e4m\u00e4 tuo ripauksen nykyaikaista eleganssia mihin tahansa julkiseen tilaan ja luo viihtyis\u00e4n ilmapiirin sek\u00e4 paikallisille ett\u00e4 vierailijoille.<\/p>\n<p>Chalidor 500 -sarja tarjoaa laajan valikoiman istuinvaihtoehtoja, kuten tuoleja, penkkej\u00e4, jakkaroita ja p\u00f6yti\u00e4. T\u00e4m\u00e4n monimuotoisuuden ansiosta tilat ja alueet voidaan suunnitella yksil\u00f6llisten tarpeiden mukaan, olipa kyse sitten rentoutumisesta, kokouspaikoista tai ruokailusta ulkona. Korkealaatuiset materiaalit ja harkittu suunnittelu takaavat ly\u00f6m\u00e4tt\u00f6m\u00e4n istuinmukavuuden ja pitk\u00e4n k\u00e4ytt\u00f6i\u00e4n.<\/p>\n<p>Istuimien lis\u00e4ksi Chalidor 500 -sarjaan kuuluu my\u00f6s yhteensopivia roskakoreja, joilla varmistetaan julkisten tilojen siisteys ja esteettisyys. N\u00e4m\u00e4 roskakorit sopivat saumattomasti kokonaisuuteen ja varmistavat hyvin harkitun ja johdonmukaisen suunnittelun.<\/p>\n<p>Ruostumattomasta ter\u00e4ksest\u00e4 valmistettu Chalidor 500 on t\u00e4ydellinen valinta kunnille, kaupungeille, puistoille ja julkisille tiloille, jotka etsiv\u00e4t nykyaikaisia, korkealaatuisia katukalusteita, jotka ovat sek\u00e4 esteettisesti miellytt\u00e4vi\u00e4 ett\u00e4 toimivia. T\u00e4m\u00e4n valikoiman avulla voit lis\u00e4t\u00e4 kaupunkiymp\u00e4rist\u00f6n vieh\u00e4tt\u00e4vyytt\u00e4 ja houkuttelevuutta ja tarjota ihmisille paikan, jossa he viett\u00e4v\u00e4t mielell\u00e4\u00e4n aikaa ja rentoutuvat.<\/p>\n","protected":false},"featured_media":16874,"template":"","meta":{"_acf_changed":false,"content-type":""},"product_brand":[],"product_cat":[1017],"product_tag":[],"class_list":{"0":"post-18743","1":"product","2":"type-product","3":"status-publish","4":"has-post-thumbnail","6":"product_cat-chalidor-fi","8":"first","9":"instock","10":"shipping-taxable","11":"product-type-simple"},"acf":[],"_links":{"self":[{"href":"https:\/\/www.benkert.info\/fi\/wp-json\/wp\/v2\/product\/18743","targetHints":{"allow":["GET"]}}],"collection":[{"href":"https:\/\/www.benkert.info\/fi\/wp-json\/wp\/v2\/product"}],"about":[{"href":"https:\/\/www.benkert.info\/fi\/wp-json\/wp\/v2\/types\/product"}],"wp:featuredmedia":[{"embeddable":true,"href":"https:\/\/www.benkert.info\/fi\/wp-json\/wp\/v2\/media\/16874"}],"wp:attachment":[{"href":"https:\/\/www.benkert.info\/fi\/wp-json\/wp\/v2\/media?parent=18743"}],"wp:term":[{"taxonomy":"product_brand","embeddable":true,"href":"https:\/\/www.benkert.info\/fi\/wp-json\/wp\/v2\/product_brand?post=18743"},{"taxonomy":"product_cat","embeddable":true,"href":"https:\/\/www.benkert.info\/fi\/wp-json\/wp\/v2\/product_cat?post=18743"},{"taxonomy":"product_tag","embeddable":true,"href":"https:\/\/www.benkert.info\/fi\/wp-json\/wp\/v2\/product_tag?post=18743"}],"curies":[{"name":"wp","href":"https:\/\/api.w.org\/{rel}","templated":true}]}}