{"id":18742,"date":"2022-11-18T16:31:16","date_gmt":"2022-11-18T15:31:16","guid":{"rendered":"https:\/\/www.benkert.info\/produkt\/Ei-luokiteltu\/chalidor-200\/"},"modified":"2023-07-04T15:29:40","modified_gmt":"2023-07-04T13:29:40","slug":"chalidor-200","status":"publish","type":"product","link":"https:\/\/www.benkert.info\/fi\/produkt\/chalidor-fi\/chalidor-200\/","title":{"rendered":"Chalidor 200"},"content":{"rendered":"","protected":false},"excerpt":{"rendered":"<p><span style=\"font-weight: 400;\">Poikkeuksellinen muotoilu ja t\u00e4ydellinen istuinmukavuus. T\u00e4ll\u00e4 tuotesarjalla olemme keksineet ulkotilojen istuimet uudelleen.<br \/>\nChalidor 200:n laajan tuotevalikoiman ansiosta suunnittelulla ei ole juuri rajoja: Eri kokoiset penkit, selk\u00e4nojaton penkki sek\u00e4 p\u00f6yd\u00e4t ja jopa tuplapenkit kuuluvat ohjelmaan. Vaakasuorat linjat tuovat tarvittavaa keveytt\u00e4 t\u00e4h\u00e4n katukalustesuunnitelmaan.<\/span><\/p>\n","protected":false},"featured_media":16851,"template":"","meta":{"_acf_changed":false,"content-type":""},"product_brand":[],"product_cat":[1017],"product_tag":[],"class_list":{"0":"post-18742","1":"product","2":"type-product","3":"status-publish","4":"has-post-thumbnail","6":"product_cat-chalidor-fi","8":"first","9":"instock","10":"shipping-taxable","11":"product-type-simple"},"acf":[],"_links":{"self":[{"href":"https:\/\/www.benkert.info\/fi\/wp-json\/wp\/v2\/product\/18742","targetHints":{"allow":["GET"]}}],"collection":[{"href":"https:\/\/www.benkert.info\/fi\/wp-json\/wp\/v2\/product"}],"about":[{"href":"https:\/\/www.benkert.info\/fi\/wp-json\/wp\/v2\/types\/product"}],"wp:featuredmedia":[{"embeddable":true,"href":"https:\/\/www.benkert.info\/fi\/wp-json\/wp\/v2\/media\/16851"}],"wp:attachment":[{"href":"https:\/\/www.benkert.info\/fi\/wp-json\/wp\/v2\/media?parent=18742"}],"wp:term":[{"taxonomy":"product_brand","embeddable":true,"href":"https:\/\/www.benkert.info\/fi\/wp-json\/wp\/v2\/product_brand?post=18742"},{"taxonomy":"product_cat","embeddable":true,"href":"https:\/\/www.benkert.info\/fi\/wp-json\/wp\/v2\/product_cat?post=18742"},{"taxonomy":"product_tag","embeddable":true,"href":"https:\/\/www.benkert.info\/fi\/wp-json\/wp\/v2\/product_tag?post=18742"}],"curies":[{"name":"wp","href":"https:\/\/api.w.org\/{rel}","templated":true}]}}