{"id":18741,"date":"2022-11-18T16:31:16","date_gmt":"2022-11-18T15:31:16","guid":{"rendered":"https:\/\/www.benkert.info\/produkt\/Ei-luokiteltu\/chalidor-300\/"},"modified":"2023-07-04T15:29:39","modified_gmt":"2023-07-04T13:29:39","slug":"chalidor-300","status":"publish","type":"product","link":"https:\/\/www.benkert.info\/fi\/produkt\/chalidor-fi\/chalidor-300\/","title":{"rendered":"Chalidor 300"},"content":{"rendered":"","protected":false},"excerpt":{"rendered":"<p><span style=\"font-weight: 400;\">Poikkeuksellinen muotoilu ja t\u00e4ydellinen istuinmukavuus. Erikokoiset penkit, jakkarat ja p\u00f6yd\u00e4t kutsuvat viipym\u00e4\u00e4n. Kulmat ja reunat sek\u00e4 neli\u00f6nmuotoisuus ovat tunnusomaisia n\u00e4ille huonekaluille.   Erikokoisten penkkien ja jakkaroiden lis\u00e4ksi l\u00f6yd\u00e4t t\u00e4st\u00e4 tuotesarjasta my\u00f6s tuoleja, p\u00f6yti\u00e4 ja tuplapenkkej\u00e4, joilla voit luoda suosikkipaikkoja ulkona.<\/span><\/p>\n","protected":false},"featured_media":16862,"template":"","meta":{"_acf_changed":false,"content-type":""},"product_brand":[],"product_cat":[1017],"product_tag":[],"class_list":{"0":"post-18741","1":"product","2":"type-product","3":"status-publish","4":"has-post-thumbnail","6":"product_cat-chalidor-fi","8":"first","9":"instock","10":"shipping-taxable","11":"product-type-simple"},"acf":[],"_links":{"self":[{"href":"https:\/\/www.benkert.info\/fi\/wp-json\/wp\/v2\/product\/18741","targetHints":{"allow":["GET"]}}],"collection":[{"href":"https:\/\/www.benkert.info\/fi\/wp-json\/wp\/v2\/product"}],"about":[{"href":"https:\/\/www.benkert.info\/fi\/wp-json\/wp\/v2\/types\/product"}],"wp:featuredmedia":[{"embeddable":true,"href":"https:\/\/www.benkert.info\/fi\/wp-json\/wp\/v2\/media\/16862"}],"wp:attachment":[{"href":"https:\/\/www.benkert.info\/fi\/wp-json\/wp\/v2\/media?parent=18741"}],"wp:term":[{"taxonomy":"product_brand","embeddable":true,"href":"https:\/\/www.benkert.info\/fi\/wp-json\/wp\/v2\/product_brand?post=18741"},{"taxonomy":"product_cat","embeddable":true,"href":"https:\/\/www.benkert.info\/fi\/wp-json\/wp\/v2\/product_cat?post=18741"},{"taxonomy":"product_tag","embeddable":true,"href":"https:\/\/www.benkert.info\/fi\/wp-json\/wp\/v2\/product_tag?post=18741"}],"curies":[{"name":"wp","href":"https:\/\/api.w.org\/{rel}","templated":true}]}}