{"id":18740,"date":"2022-11-18T16:31:17","date_gmt":"2022-11-18T15:31:17","guid":{"rendered":"https:\/\/www.benkert.info\/produkt\/Ei-luokiteltu\/chalidor-700\/"},"modified":"2024-07-03T16:20:25","modified_gmt":"2024-07-03T14:20:25","slug":"chalidor-700","status":"publish","type":"product","link":"https:\/\/www.benkert.info\/fi\/produkt\/chalidor-fi\/chalidor-700\/","title":{"rendered":"Chalidor 700"},"content":{"rendered":"","protected":false},"excerpt":{"rendered":"<p>Tutustu Chalidor 700 -katukalustesarjaan &#8211; katukalustemallistoon, joka huokuu ainutlaatuista eleganssia virtaavien linjojensa ja kaarevuutensa ansiosta. Ensiluokkaisesta ruostumattomasta ter\u00e4ksest\u00e4 valmistetut kalusteet eiv\u00e4t ole vain esteettinen katseenvangitsija, vaan my\u00f6s s\u00e4\u00e4nkest\u00e4vi\u00e4, kest\u00e4vi\u00e4 ja helposti puhdistettavia. Ruostumattomasta ter\u00e4ksest\u00e4 valmistetun Chalidor 700 -sarjan ep\u00e4tavalliset muodot tuovat jokaiselle ulkoalueelle sen tietynlaisen lis\u00e4n. Etsitp\u00e4 sitten oleskelukalusteita, istuinryhmi\u00e4, penkkej\u00e4 tai lepotuoleja&#8230; penkkej\u00e4 tai lepotuoleja &#8211; vieh\u00e4tt\u00e4v\u00e4 muotoilu ja ensiluokkainen istuinmukavuus luovat yhdess\u00e4 vertaansa vailla olevan ulkokokemuksen. Chalidor 700 -sarja on palkittu arvostetuilla muotoilupalkinnoilla, kuten SIT Furniture Design Awardilla, Red Dot Awardilla, German Design Awardilla, SIT Awardilla ja DNA Awardilla. N\u00e4m\u00e4 palkinnot tunnustavat t\u00e4m\u00e4n erinomaisen katukalustesarjan erinomaisen laadun, innovatiivisen muotoilun ja toiminnallisen estetiikan. Ruostumattomasta ter\u00e4ksest\u00e4 valmistettujen kalusteiden ansiosta ne ovat my\u00f6s s\u00e4\u00e4nkest\u00e4vi\u00e4, kest\u00e4vi\u00e4 ja helposti puhdistettavia &#8211; ihanteellisia k\u00e4ytett\u00e4v\u00e4ksi kaupunkipuistoissa, yritysten tiloissa tai paikallisilla toreilla. Aseta uudet standardit julkisten tilojen nykyaikaiselle muotoilulle Chalidor 700 -sarjalla &#8211; hienostunut tyyli, joka kest\u00e4\u00e4 kaikki s\u00e4\u00e4olosuhteet. Jokainen Chalidor 700 -kadunkalustesarjan elementti on tarkkaan harkittu ja suunniteltu siten, ett\u00e4 se sopii paitsi toiminnallisesti my\u00f6s visuaalisesti mihin tahansa kaupunkikuvaan. Houkuttelevan ulkoasun lis\u00e4ksi <\/p>\n","protected":false},"featured_media":16896,"template":"","meta":{"_acf_changed":false,"content-type":""},"product_brand":[],"product_cat":[1017],"product_tag":[],"class_list":{"0":"post-18740","1":"product","2":"type-product","3":"status-publish","4":"has-post-thumbnail","6":"product_cat-chalidor-fi","8":"first","9":"instock","10":"shipping-taxable","11":"product-type-simple"},"acf":[],"_links":{"self":[{"href":"https:\/\/www.benkert.info\/fi\/wp-json\/wp\/v2\/product\/18740","targetHints":{"allow":["GET"]}}],"collection":[{"href":"https:\/\/www.benkert.info\/fi\/wp-json\/wp\/v2\/product"}],"about":[{"href":"https:\/\/www.benkert.info\/fi\/wp-json\/wp\/v2\/types\/product"}],"wp:featuredmedia":[{"embeddable":true,"href":"https:\/\/www.benkert.info\/fi\/wp-json\/wp\/v2\/media\/16896"}],"wp:attachment":[{"href":"https:\/\/www.benkert.info\/fi\/wp-json\/wp\/v2\/media?parent=18740"}],"wp:term":[{"taxonomy":"product_brand","embeddable":true,"href":"https:\/\/www.benkert.info\/fi\/wp-json\/wp\/v2\/product_brand?post=18740"},{"taxonomy":"product_cat","embeddable":true,"href":"https:\/\/www.benkert.info\/fi\/wp-json\/wp\/v2\/product_cat?post=18740"},{"taxonomy":"product_tag","embeddable":true,"href":"https:\/\/www.benkert.info\/fi\/wp-json\/wp\/v2\/product_tag?post=18740"}],"curies":[{"name":"wp","href":"https:\/\/api.w.org\/{rel}","templated":true}]}}