{"id":18739,"date":"2022-11-18T16:31:17","date_gmt":"2022-11-18T15:31:17","guid":{"rendered":"https:\/\/www.benkert.info\/produkt\/Ei-luokiteltu\/chalidor-600\/"},"modified":"2023-07-04T15:03:39","modified_gmt":"2023-07-04T13:03:39","slug":"chalidor-600","status":"publish","type":"product","link":"https:\/\/www.benkert.info\/fi\/produkt\/chalidor-fi\/chalidor-600\/","title":{"rendered":"Chalidor 600"},"content":{"rendered":"","protected":false},"excerpt":{"rendered":"<p><span style=\"font-weight: 400;\">Poikkeuksellinen muotoilu ja t\u00e4ydellinen istuinmukavuus. Geometriset muodot ja monipuolisuus ovat tunnusomaisia Chalidor 600 -tuotesarjalle. Olipa kyse sitten loungekalusteet, istuinsarjoista tai baarikalusteista: n\u00e4ill\u00e4 avotilakalusteilla luodaan monipuolisia suosikkipaikkoja. Kuten tavallista, kaikki tuotteemme ovat eritt\u00e4in kest\u00e4vi\u00e4, s\u00e4\u00e4nkest\u00e4vi\u00e4 ja helppohoitoisia. Olipa kyseess\u00e4 sitten terassi, yrityksen tilat tai muut avoimet tilat ulkokalusteina &#8211; Chalidor 600 -sarja vakuuttaa muotoilullaan ja laadullaan koko linjan.<\/span><\/p>\n","protected":false},"featured_media":17145,"template":"","meta":{"_acf_changed":false,"content-type":""},"product_brand":[],"product_cat":[1017],"product_tag":[],"class_list":{"0":"post-18739","1":"product","2":"type-product","3":"status-publish","4":"has-post-thumbnail","6":"product_cat-chalidor-fi","8":"first","9":"instock","10":"shipping-taxable","11":"product-type-simple"},"acf":[],"_links":{"self":[{"href":"https:\/\/www.benkert.info\/fi\/wp-json\/wp\/v2\/product\/18739","targetHints":{"allow":["GET"]}}],"collection":[{"href":"https:\/\/www.benkert.info\/fi\/wp-json\/wp\/v2\/product"}],"about":[{"href":"https:\/\/www.benkert.info\/fi\/wp-json\/wp\/v2\/types\/product"}],"wp:featuredmedia":[{"embeddable":true,"href":"https:\/\/www.benkert.info\/fi\/wp-json\/wp\/v2\/media\/17145"}],"wp:attachment":[{"href":"https:\/\/www.benkert.info\/fi\/wp-json\/wp\/v2\/media?parent=18739"}],"wp:term":[{"taxonomy":"product_brand","embeddable":true,"href":"https:\/\/www.benkert.info\/fi\/wp-json\/wp\/v2\/product_brand?post=18739"},{"taxonomy":"product_cat","embeddable":true,"href":"https:\/\/www.benkert.info\/fi\/wp-json\/wp\/v2\/product_cat?post=18739"},{"taxonomy":"product_tag","embeddable":true,"href":"https:\/\/www.benkert.info\/fi\/wp-json\/wp\/v2\/product_tag?post=18739"}],"curies":[{"name":"wp","href":"https:\/\/api.w.org\/{rel}","templated":true}]}}