{"id":18737,"date":"2022-11-18T16:31:17","date_gmt":"2022-11-18T15:31:17","guid":{"rendered":"https:\/\/www.benkert.info\/produkt\/Ei-luokiteltu\/chalidor-800\/"},"modified":"2023-09-13T10:09:55","modified_gmt":"2023-09-13T08:09:55","slug":"chalidor-800","status":"publish","type":"product","link":"https:\/\/www.benkert.info\/fi\/produkt\/chalidor-fi\/chalidor-800\/","title":{"rendered":"Chalidor 800"},"content":{"rendered":"","protected":false},"excerpt":{"rendered":"<p>T\u00e4m\u00e4n mallin katukalusteille on ominaista visuaalisesti kevyt mutta objektiivisesti kest\u00e4v\u00e4 muotoilu. Py\u00f6reiden ja pystysuorien linjojen yhdistelm\u00e4 antaa muotojen kasvaa yhteen kuin veistos. Tuloksena oli klassisesta muotokielest\u00e4 kaukana olevia, luonteeltaan vahvoja avotilakalusteita, kuten puistonpenkkej\u00e4, jakkaroita, istuinryhmi\u00e4, tuoleja, oleskeluhuonekaluja ja aurinkotuoleja.  <\/p>\n<p><span style=\"font-weight: 400;\">Palkitut katukalusteet: Poikkeukselliset penkit, jakkarat ja p\u00f6yd\u00e4t palkittiin <b>SIT Furniture Design Award 2023 -palkinnolla ja DNA Paris 2023 -palkinnolla<\/b>. Tutustu t\u00e4\u00e4lt\u00e4 tuotesarjaan, joka leikittelee moderneilla muodoilla ja jonka katukalusteet kutsuvat viipym\u00e4\u00e4n. <\/span><\/p>\n<p>Baari-, istuin- ja oleskelusarjat soveltuvat erinomaisesti my\u00f6s ulkotilojen ja yritysrakennusten ty\u00f6ntekij\u00e4tilojen suunnitteluun. Yli <strong><a href=\"https:\/\/www.benkert.info\/farben\/\">8500 v\u00e4rivaihtoehtoa<\/a><\/strong> avotilakalusteista tulee el\u00e4myksi\u00e4.  Ruostumattomasta ter\u00e4ksest\u00e4 valmistettujen katukalusteiden muotoilulle on ominaista minimalistinen eleganssi. Puhtaat linjat ja geometriset muodot antavat niille ajattoman estetiikan, joka on sek\u00e4 toimiva ett\u00e4 houkutteleva. <\/p>\n<p>T\u00e4ss\u00e4 ruostumattomasta ter\u00e4ksest\u00e4 valmistetussa design-katukalusteessa yhdistyv\u00e4t t\u00e4ydellisesti toiminnallisuus, esteettisyys ja kest\u00e4vyys. Nykyaikaisen muotoilunsa ansiosta ne sopivat saumattomasti nykyaikaisiin ymp\u00e4rist\u00f6ihin ja luovat harmonisen ilmapiirin.Ruostumaton ter\u00e4s materiaalivalintana tarjoaa lukuisia etuja. Ruostumaton ter\u00e4s on tunnettu hyv\u00e4st\u00e4 s\u00e4\u00e4n- ja korroosionkest\u00e4vyydest\u00e4\u00e4n. N\u00e4in katukalusteet pysyv\u00e4t ensiluokkaisessa kunnossa vuosia, eik\u00e4 niit\u00e4 tarvitse huoltaa juuri lainkaan. Koska katukalusteita ei tarvitse huoltaa, ne voivat olla ulkona my\u00f6s talvella ja ne s\u00e4ilytt\u00e4v\u00e4t aina laadukkaan ulkon\u00e4k\u00f6ns\u00e4, ne ovat aina edullisin ratkaisu. Kest\u00e4vyys tarkoittaa kest\u00e4vien katukalusteiden hankkimista, jotka kest\u00e4v\u00e4t vuosikymmeni\u00e4 ilman, ett\u00e4 niit\u00e4 tarvitsee uusia.     <\/p>\n","protected":false},"featured_media":16902,"template":"","meta":{"_acf_changed":false,"content-type":""},"product_brand":[],"product_cat":[1017],"product_tag":[],"class_list":{"0":"post-18737","1":"product","2":"type-product","3":"status-publish","4":"has-post-thumbnail","6":"product_cat-chalidor-fi","8":"first","9":"instock","10":"shipping-taxable","11":"product-type-simple"},"acf":[],"_links":{"self":[{"href":"https:\/\/www.benkert.info\/fi\/wp-json\/wp\/v2\/product\/18737","targetHints":{"allow":["GET"]}}],"collection":[{"href":"https:\/\/www.benkert.info\/fi\/wp-json\/wp\/v2\/product"}],"about":[{"href":"https:\/\/www.benkert.info\/fi\/wp-json\/wp\/v2\/types\/product"}],"wp:featuredmedia":[{"embeddable":true,"href":"https:\/\/www.benkert.info\/fi\/wp-json\/wp\/v2\/media\/16902"}],"wp:attachment":[{"href":"https:\/\/www.benkert.info\/fi\/wp-json\/wp\/v2\/media?parent=18737"}],"wp:term":[{"taxonomy":"product_brand","embeddable":true,"href":"https:\/\/www.benkert.info\/fi\/wp-json\/wp\/v2\/product_brand?post=18737"},{"taxonomy":"product_cat","embeddable":true,"href":"https:\/\/www.benkert.info\/fi\/wp-json\/wp\/v2\/product_cat?post=18737"},{"taxonomy":"product_tag","embeddable":true,"href":"https:\/\/www.benkert.info\/fi\/wp-json\/wp\/v2\/product_tag?post=18737"}],"curies":[{"name":"wp","href":"https:\/\/api.w.org\/{rel}","templated":true}]}}