{"id":18736,"date":"2022-11-18T17:06:52","date_gmt":"2022-11-18T16:06:52","guid":{"rendered":"https:\/\/www.benkert.info\/produkt\/Ei-luokiteltu\/chalidor-100\/"},"modified":"2023-11-02T09:53:04","modified_gmt":"2023-11-02T08:53:04","slug":"chalidor-100","status":"publish","type":"product","link":"https:\/\/www.benkert.info\/fi\/produkt\/chalidor-fi\/chalidor-100\/","title":{"rendered":"Chalidor 100"},"content":{"rendered":"","protected":false},"excerpt":{"rendered":"<p><strong>Chalidor 100 -katukalustesarjassa yhdistyv\u00e4t poikkeuksellinen muotoilu ja ly\u00f6m\u00e4t\u00f6n istuinmukavuus.<\/strong><br \/>\nT\u00e4m\u00e4n sarjan avulla olemme m\u00e4\u00e4ritelleet uudelleen ulkoistuinten k\u00e4sitteen. Chalidor-penkit ovat paljon enemm\u00e4n kuin tavalliset puistonpenkit. Chalidor 100:n virtaavat, pystysuorat linjat luovat nykyaikaisen ja kevyen muotoilun, joka erottuu <a href=\"https:\/\/www.benkert.info\/stadtmoebel-fuer-kommunen\/\">julkisissa tiloissa<\/a>.<\/p>\n<p>Chalidor 100 -sarjaan kuuluu laaja valikoima katukalusteita, kuten penkkej\u00e4, erikokoisia jakkaroita, p\u00f6yti\u00e4 ja tuoleja. Jokaisessa elementiss\u00e4 on kiinnitetty erityist\u00e4 huomiota muotoiluun ja istuinmukavuuteen. T\u00e4m\u00e4 katukalustesarja sopii erinomaisesti julkisiin tiloihin, puistoihin ja kaikkiin ymp\u00e4rist\u00f6ihin, joissa esteettisyys ja mukavuus ovat yht\u00e4 t\u00e4rkeit\u00e4.<\/p>\n<p>Chalidor 100 -katukalustesarja asettaa uusia standardeja ja yhdist\u00e4\u00e4 toiminnallisuuden ja esteettisyyden. Tutustu ainutlaatuiseen valikoimaamme ja lis\u00e4\u00e4 julkisiin tiloihisi ripaus nykyaikaisuutta ja mukavuutta.<\/p>\n<p><span style=\"font-weight: 400;\"> <\/span><\/p>\n","protected":false},"featured_media":6396,"template":"","meta":{"_acf_changed":false,"content-type":""},"product_brand":[],"product_cat":[1017],"product_tag":[],"class_list":{"0":"post-18736","1":"product","2":"type-product","3":"status-publish","4":"has-post-thumbnail","6":"product_cat-chalidor-fi","8":"first","9":"instock","10":"shipping-taxable","11":"product-type-simple"},"acf":[],"_links":{"self":[{"href":"https:\/\/www.benkert.info\/fi\/wp-json\/wp\/v2\/product\/18736","targetHints":{"allow":["GET"]}}],"collection":[{"href":"https:\/\/www.benkert.info\/fi\/wp-json\/wp\/v2\/product"}],"about":[{"href":"https:\/\/www.benkert.info\/fi\/wp-json\/wp\/v2\/types\/product"}],"wp:featuredmedia":[{"embeddable":true,"href":"https:\/\/www.benkert.info\/fi\/wp-json\/wp\/v2\/media\/6396"}],"wp:attachment":[{"href":"https:\/\/www.benkert.info\/fi\/wp-json\/wp\/v2\/media?parent=18736"}],"wp:term":[{"taxonomy":"product_brand","embeddable":true,"href":"https:\/\/www.benkert.info\/fi\/wp-json\/wp\/v2\/product_brand?post=18736"},{"taxonomy":"product_cat","embeddable":true,"href":"https:\/\/www.benkert.info\/fi\/wp-json\/wp\/v2\/product_cat?post=18736"},{"taxonomy":"product_tag","embeddable":true,"href":"https:\/\/www.benkert.info\/fi\/wp-json\/wp\/v2\/product_tag?post=18736"}],"curies":[{"name":"wp","href":"https:\/\/api.w.org\/{rel}","templated":true}]}}