{"id":18735,"date":"2022-11-18T17:12:50","date_gmt":"2022-11-18T16:12:50","guid":{"rendered":"https:\/\/www.benkert.info\/produkt\/Ei-luokiteltu\/chalidor-400\/"},"modified":"2023-11-08T13:37:53","modified_gmt":"2023-11-08T12:37:53","slug":"chalidor-400","status":"publish","type":"product","link":"https:\/\/www.benkert.info\/fi\/produkt\/chalidor-fi\/chalidor-400\/","title":{"rendered":"Chalidor 400"},"content":{"rendered":"","protected":false},"excerpt":{"rendered":"<p>Luo ainutlaatuisia istumakokemuksia Chalidor 400 -kadukalustesarjalla. N\u00e4m\u00e4 tuolit voidaan yhdist\u00e4\u00e4 toisiinsa puistopenkiksi, joita voi olla kuinka monta tahansa, jolloin voit luoda r\u00e4\u00e4t\u00e4l\u00f6ityj\u00e4 istumaj\u00e4rjestyksi\u00e4 toiveidesi mukaan. Valitsitpa sitten eloisan v\u00e4ripaletin tai hillityn muotoilun, modulaaristen penkkien avulla voit nauttia maksimaalisesta suunnitteluvapaudesta.<\/p>\n<p>Modulaaristen penkkien erityispiirre on istuimissa oleva ep\u00e4tavallinen reik\u00e4kuvio, joka on paitsi visuaalinen kohokohta, my\u00f6s mukavuutta lis\u00e4\u00e4v\u00e4 ja sadeveden valumisen mahdollistava. Laadukkaasta ruostumattomasta ter\u00e4ksest\u00e4 valmistetut penkit ovat my\u00f6s s\u00e4\u00e4nkest\u00e4vi\u00e4 ja eritt\u00e4in helppohoitoisia.<\/p>\n<p>Modulaarinen Chalidor 400 -penkkimme on eritt\u00e4in joustava ja yhdistelt\u00e4viss\u00e4, joten voit j\u00e4rjest\u00e4\u00e4 istuimet tarpeen mukaan. Yli 8500 v\u00e4rivaihtoehdon ansiosta voit mukauttaa muotoilun juuri omien ideoittesi mukaan ja luoda henkil\u00f6kohtaiset suosikkipaikkasi.<\/p>\n<p>Chalidor 400 -sarjan puistopenkkimme on ep\u00e4ilem\u00e4tt\u00e4 katseenvangitsija miss\u00e4 tahansa paikassa, olipa se sitten kaupungin vilkkaassa keskustassa, leikkipuistossa tai kaupungin puiston rauhallisen luonnon keskell\u00e4. Luonteen ja tyylin yhdistelm\u00e4 tekee yhteis\u00f6penkist\u00e4mme t\u00e4ydellisen valinnan kaunistaa ja toiminnallistaa julkista tilaasi. Lue lis\u00e4\u00e4 modulaarisista penkkiratkaisuistamme ja siit\u00e4, miten ne voivat nostaa tilasi uudelle tasolle.<\/p>\n","protected":false},"featured_media":4093,"template":"","meta":{"_acf_changed":false,"content-type":""},"product_brand":[],"product_cat":[1017],"product_tag":[],"class_list":{"0":"post-18735","1":"product","2":"type-product","3":"status-publish","4":"has-post-thumbnail","6":"product_cat-chalidor-fi","8":"first","9":"instock","10":"shipping-taxable","11":"product-type-simple"},"acf":[],"_links":{"self":[{"href":"https:\/\/www.benkert.info\/fi\/wp-json\/wp\/v2\/product\/18735","targetHints":{"allow":["GET"]}}],"collection":[{"href":"https:\/\/www.benkert.info\/fi\/wp-json\/wp\/v2\/product"}],"about":[{"href":"https:\/\/www.benkert.info\/fi\/wp-json\/wp\/v2\/types\/product"}],"wp:featuredmedia":[{"embeddable":true,"href":"https:\/\/www.benkert.info\/fi\/wp-json\/wp\/v2\/media\/4093"}],"wp:attachment":[{"href":"https:\/\/www.benkert.info\/fi\/wp-json\/wp\/v2\/media?parent=18735"}],"wp:term":[{"taxonomy":"product_brand","embeddable":true,"href":"https:\/\/www.benkert.info\/fi\/wp-json\/wp\/v2\/product_brand?post=18735"},{"taxonomy":"product_cat","embeddable":true,"href":"https:\/\/www.benkert.info\/fi\/wp-json\/wp\/v2\/product_cat?post=18735"},{"taxonomy":"product_tag","embeddable":true,"href":"https:\/\/www.benkert.info\/fi\/wp-json\/wp\/v2\/product_tag?post=18735"}],"curies":[{"name":"wp","href":"https:\/\/api.w.org\/{rel}","templated":true}]}}