{"id":23891,"date":"2024-07-29T14:06:33","date_gmt":"2024-07-29T12:06:33","guid":{"rendered":"https:\/\/www.benkert.info\/seurantaluettelo\/"},"modified":"2024-08-13T13:06:53","modified_gmt":"2024-08-13T11:06:53","slug":"seurantaluettelo","status":"publish","type":"page","link":"https:\/\/www.benkert.info\/fi\/seurantaluettelo\/","title":{"rendered":"Tiedusteluluettelo"},"content":{"rendered":"\t\t<div data-elementor-type=\"wp-page\" data-elementor-id=\"23891\" class=\"elementor elementor-23891 elementor-23850\" data-elementor-post-type=\"page\">\n\t\t\t\t<div class=\"elementor-element elementor-element-57a43d4 e-flex e-con-boxed e-con e-parent\" data-id=\"57a43d4\" data-element_type=\"container\" data-e-type=\"container\">\n\t\t\t\t\t<div class=\"e-con-inner\">\n\t\t<div class=\"elementor-element elementor-element-c591d19 e-con-full e-flex e-con e-child\" data-id=\"c591d19\" data-element_type=\"container\" data-e-type=\"container\">\n\t\t\t\t<div class=\"elementor-element elementor-element-3f93f95 ctabtn elementor-cta--skin-classic elementor-animated-content elementor-bg-transform elementor-bg-transform-zoom-in elementor-widget elementor-widget-call-to-action\" data-id=\"3f93f95\" data-element_type=\"widget\" data-e-type=\"widget\" data-widget_type=\"call-to-action.default\">\n\t\t\t\t<div class=\"elementor-widget-container\">\n\t\t\t\t\t\t\t<div class=\"elementor-cta\">\n\t\t\t\t\t\t\t<div class=\"elementor-cta__content\">\n\t\t\t\t\n\t\t\t\t\t\t\t\t\t<h1 class=\"elementor-cta__title elementor-cta__content-item elementor-content-item\">\n\t\t\t\t\t\tPyynt\u00f6luettelosi\t\t\t\t\t<\/h1>\n\t\t\t\t\n\t\t\t\t\t\t\t\t\t<div class=\"elementor-cta__description elementor-cta__content-item elementor-content-item\">\n\t\t\t\t\t\t<p>T\u00e4\u00e4ll\u00e4 n\u00e4et kaikki tuotteet, jotka olet tallentanut toivelistallesi. <\/b><\/p>\n<p>Oletko valinnut kaikki haluamasi tuotteet? Pyyd\u00e4 sitten alla olevalla lomakkeella tarjous tai r\u00e4\u00e4t\u00e4l\u00f6ity tarjous rakennushankettasi varten. <br \/> Tiimimme k\u00e4sittelee kyselysi nopeasti, jotta saat meilt\u00e4 tarvitsemasi tiedot mahdollisimman pian.<\/p>\n\t\t\t\t\t<\/div>\n\t\t\t\t\n\t\t\t\t\t\t\t<\/div>\n\t\t\t\t\t\t<\/div>\n\t\t\t\t\t\t<\/div>\n\t\t\t\t<\/div>\n\t\t\t\t<\/div>\n\t\t\t\t\t<\/div>\n\t\t\t\t<\/div>\n\t\t<div class=\"wd-negative-gap elementor-element elementor-element-4ba609ff e-flex e-con-boxed e-con e-parent\" data-id=\"4ba609ff\" data-element_type=\"container\" data-e-type=\"container\">\n\t\t\t\t\t<div class=\"e-con-inner\">\n\t\t\t\t<div class=\"elementor-element elementor-element-3236cea2 elementor-widget elementor-widget-shortcode\" data-id=\"3236cea2\" data-element_type=\"widget\" data-e-type=\"widget\" data-widget_type=\"shortcode.default\">\n\t\t\t\t<div class=\"elementor-widget-container\">\n\t\t\t\t\t\t\t<div class=\"elementor-shortcode\">\n<div class=\"woocommerce ywraq-wrapper ywraq-empty\">\n\t\t\t<div id=\"yith-ywraq-message\"><div class=\"ywraq-question-message\">\n\t<\/div>\n<\/div>\n\t\t\n\t\t\t\t<div class=\"ywraq-form-table-wrapper vertical\">\n\t\t\t<div class=\"ywraq-before-form\">\n\t<p class=\"ywraq_list_empty_message\">Luettelosi on tyhj\u00e4. Lis\u00e4\u00e4 yksi tai useampi tuote luetteloon pyyt\u00e4\u00e4ksesi tarjousta.<p><p class=\"return-to-shop\"><a class=\"button wc-backward\" href=\"https:\/\/www.benkert.info\/fi\/tuotemaailma\/\">Takaisin tuotteen yleiskatsaukseen<\/a><\/p><\/div>\n\t\t\t\t\t<\/div>\n\t<\/div>\n<\/div>\n\t\t\t\t\t\t<\/div>\n\t\t\t\t<\/div>\n\t\t\t\t\t<\/div>\n\t\t\t\t<\/div>\n\t\t\t\t<\/div>\n\t\t","protected":false},"excerpt":{"rendered":"<p>Pyynt\u00f6luettelosi T\u00e4\u00e4ll\u00e4 n\u00e4et kaikki tuotteet, jotka olet tallentanut toivelistallesi. Oletko valinnut kaikki haluamasi tuotteet? Pyyd\u00e4 sitten alla olevalla lomakkeella tarjous<\/p>\n","protected":false},"author":1,"featured_media":0,"parent":0,"menu_order":0,"comment_status":"closed","ping_status":"closed","template":"","meta":{"_acf_changed":false,"content-type":"","footnotes":""},"class_list":["post-23891","page","type-page","status-publish","hentry"],"acf":[],"_links":{"self":[{"href":"https:\/\/www.benkert.info\/fi\/wp-json\/wp\/v2\/pages\/23891","targetHints":{"allow":["GET"]}}],"collection":[{"href":"https:\/\/www.benkert.info\/fi\/wp-json\/wp\/v2\/pages"}],"about":[{"href":"https:\/\/www.benkert.info\/fi\/wp-json\/wp\/v2\/types\/page"}],"author":[{"embeddable":true,"href":"https:\/\/www.benkert.info\/fi\/wp-json\/wp\/v2\/users\/1"}],"replies":[{"embeddable":true,"href":"https:\/\/www.benkert.info\/fi\/wp-json\/wp\/v2\/comments?post=23891"}],"version-history":[{"count":0,"href":"https:\/\/www.benkert.info\/fi\/wp-json\/wp\/v2\/pages\/23891\/revisions"}],"wp:attachment":[{"href":"https:\/\/www.benkert.info\/fi\/wp-json\/wp\/v2\/media?parent=23891"}],"curies":[{"name":"wp","href":"https:\/\/api.w.org\/{rel}","templated":true}]}}