{"id":18750,"date":"2022-09-27T13:25:14","date_gmt":"2022-09-27T11:25:14","guid":{"rendered":"https:\/\/www.benkert.info\/lataa-luettelo\/"},"modified":"2023-05-26T10:24:53","modified_gmt":"2023-05-26T08:24:53","slug":"lataa-luettelo","status":"publish","type":"page","link":"https:\/\/www.benkert.info\/fi\/lataa-luettelo\/","title":{"rendered":"Lataa luettelo"},"content":{"rendered":"\t\t<div data-elementor-type=\"wp-page\" data-elementor-id=\"18750\" class=\"elementor elementor-18750 elementor-2138\" data-elementor-post-type=\"page\">\n\t\t\t\t\t\t<section class=\"wd-negative-gap elementor-section elementor-top-section elementor-element elementor-element-724b524 elementor-section-boxed elementor-section-height-default elementor-section-height-default\" data-id=\"724b524\" data-element_type=\"section\" data-e-type=\"section\">\n\t\t\t\t\t\t<div class=\"elementor-container elementor-column-gap-no\">\n\t\t\t\t\t<div class=\"elementor-column elementor-col-100 elementor-top-column elementor-element elementor-element-bc59e86\" data-id=\"bc59e86\" data-element_type=\"column\" data-e-type=\"column\">\n\t\t\t<div class=\"elementor-widget-wrap elementor-element-populated\">\n\t\t\t\t\t\t<div class=\"elementor-element elementor-element-d372f5a elementor-widget-mobile_extra__width-inherit elementor-widget elementor-widget-image-box\" data-id=\"d372f5a\" data-element_type=\"widget\" data-e-type=\"widget\" data-widget_type=\"image-box.default\">\n\t\t\t\t<div class=\"elementor-widget-container\">\n\t\t\t\t\t<div class=\"elementor-image-box-wrapper\"><div class=\"elementor-image-box-content\"><h1 class=\"elementor-image-box-title\"> <span class=\"fontlight\">BENKERT B\u00c4NKE<\/span> -tuoteluettelo ja n\u00e4ytepakkaus<\/h1><p class=\"elementor-image-box-description\">2022 | 2023<\/p><\/div><\/div>\t\t\t\t<\/div>\n\t\t\t\t<\/div>\n\t\t\t\t<div class=\"elementor-element elementor-element-400ed2b elementor-widget__width-inherit color-scheme-inherit text-left elementor-widget elementor-widget-text-editor\" data-id=\"400ed2b\" data-element_type=\"widget\" data-e-type=\"widget\" data-widget_type=\"text-editor.default\">\n\t\t\t\t<div class=\"elementor-widget-container\">\n\t\t\t\t\t\t\t\t\t<p>Selaa laajaa tuotevalikoimaamme tuoteluettelossamme tai tilaa suoraan yksi n\u00e4ytelaatikoistamme. Comfony-sarjan n\u00e4ytelaatikko koostuu sek\u00e4 ruostumattomasta ter\u00e4ksest\u00e4 valmistetuista osista ett\u00e4 Themo-PET-verhouksen v\u00e4rin\u00e4ytteist\u00e4. Toinen n\u00e4ytelaatikkomme sis\u00e4lt\u00e4\u00e4 12 ruostumattoman ter\u00e4ksen v\u00e4ri\u00e4 kaikille tuotteille ja sarjoille, jotka on valmistettu yksinomaan ruostumattomasta ter\u00e4ksest\u00e4.  <\/p>\n<p>Uppoudu BENKERT B\u00c4NKEn tuotemaailmaan. Voit joko pyyt\u00e4\u00e4 tuoteluetteloa ja hinnastoa s\u00e4hk\u00f6postitse alla olevalla lomakkeella tai tarkastella luetteloa suoraan selaimessasi.<\/p>\n\t\t\t\t\t\t\t\t<\/div>\n\t\t\t\t<\/div>\n\t\t<!-- dce invisible element 2cb466b --><!-- dce invisible element 80a3081 -->\t\t<div class=\"dce-visibility-event elementor-element elementor-element-c3d5b7c elementor-widget elementor-widget-html\" data-id=\"c3d5b7c\" data-element_type=\"widget\" data-e-type=\"widget\" data-settings=\"{&quot;enabled_visibility&quot;:&quot;yes&quot;,&quot;dce_visibility_selected&quot;:&quot;yes&quot;}\" data-widget_type=\"html.default\">\n\t\t\t\t<div class=\"elementor-widget-container\">\n\t\t\t\t\t<script charset=\"utf-8\" type=\"text\/javascript\" src=\"\/\/js-eu1.hsforms.net\/forms\/embed\/v2.js\"><\/script><script>hbspt.forms.create({\n    region: \"eu1\",\n    portalId: \"26135731\",\n    formId: \"0c68db86-cd80-42c5-9524-8a96c8d8d0e7\"\n  });\n<\/script>\t\t\t\t<\/div>\n\t\t\t\t<\/div>\n\t\t\t\t<div class=\"elementor-element elementor-element-27f3ea6 elementor-widget elementor-widget-image-carousel\" data-id=\"27f3ea6\" data-element_type=\"widget\" data-e-type=\"widget\" data-settings=\"{&quot;slides_to_show&quot;:&quot;2&quot;,&quot;slides_to_show_mobile&quot;:&quot;2&quot;,&quot;slides_to_scroll&quot;:&quot;2&quot;,&quot;navigation&quot;:&quot;none&quot;,&quot;autoplay&quot;:&quot;no&quot;,&quot;image_spacing_custom&quot;:{&quot;unit&quot;:&quot;px&quot;,&quot;size&quot;:40,&quot;sizes&quot;:[]},&quot;infinite&quot;:&quot;yes&quot;,&quot;speed&quot;:500,&quot;image_spacing_custom_widescreen&quot;:{&quot;unit&quot;:&quot;px&quot;,&quot;size&quot;:&quot;&quot;,&quot;sizes&quot;:[]},&quot;image_spacing_custom_laptop&quot;:{&quot;unit&quot;:&quot;px&quot;,&quot;size&quot;:&quot;&quot;,&quot;sizes&quot;:[]},&quot;image_spacing_custom_tablet_extra&quot;:{&quot;unit&quot;:&quot;px&quot;,&quot;size&quot;:&quot;&quot;,&quot;sizes&quot;:[]},&quot;image_spacing_custom_tablet&quot;:{&quot;unit&quot;:&quot;px&quot;,&quot;size&quot;:&quot;&quot;,&quot;sizes&quot;:[]},&quot;image_spacing_custom_mobile_extra&quot;:{&quot;unit&quot;:&quot;px&quot;,&quot;size&quot;:&quot;&quot;,&quot;sizes&quot;:[]},&quot;image_spacing_custom_mobile&quot;:{&quot;unit&quot;:&quot;px&quot;,&quot;size&quot;:&quot;&quot;,&quot;sizes&quot;:[]}}\" data-widget_type=\"image-carousel.default\">\n\t\t\t\t<div class=\"elementor-widget-container\">\n\t\t\t\t\t\t\t<div class=\"elementor-image-carousel-wrapper swiper\" role=\"region\" aria-roledescription=\"carousel\" aria-label=\"Image Carousel\" dir=\"ltr\">\n\t\t\t<div class=\"elementor-image-carousel swiper-wrapper\" aria-live=\"polite\">\n\t\t\t\t\t\t\t\t<div class=\"swiper-slide\" role=\"group\" aria-roledescription=\"slide\" aria-label=\"1 of 2\"><a data-elementor-open-lightbox=\"yes\" data-elementor-lightbox-slideshow=\"27f3ea6\" data-e-action-hash=\"#elementor-action%3Aaction%3Dlightbox%26settings%3DeyJpZCI6MTcxMTksInVybCI6Imh0dHBzOlwvXC93d3cuYmVua2VydC5pbmZvXC93cGJlbmtlcnRcL3dwLWNvbnRlbnRcL3VwbG9hZHNcLzIwMjJcLzA5XC9iZW5rZXJ0LWJhZW5rZS1rYXRhbG9nLWFuc2VoZW4uanBnIiwic2xpZGVzaG93IjoiMjdmM2VhNiJ9\" href=\"https:\/\/www.benkert.info\/wpbenkert\/wp-content\/uploads\/2022\/09\/benkert-baenke-katalog-ansehen.jpg\"><figure class=\"swiper-slide-inner\"><picture><source srcset=\"https:\/\/www.benkert.info\/wpbenkert\/wp-content\/webp-express\/webp-images\/uploads\/2022\/09\/benkert-baenke-katalog-ansehen.jpg.webp\" type=\"image\/webp\"><img decoding=\"async\" class=\"swiper-slide-image webpexpress-processed\" src=\"https:\/\/www.benkert.info\/wpbenkert\/wp-content\/uploads\/2022\/09\/benkert-baenke-katalog-ansehen.jpg\" alt=\"benkert-baenke-katalog-ansehen\"><\/picture><\/figure><\/a><\/div><div class=\"swiper-slide\" role=\"group\" aria-roledescription=\"slide\" aria-label=\"2 of 2\"><a data-elementor-open-lightbox=\"yes\" data-elementor-lightbox-slideshow=\"27f3ea6\" data-e-action-hash=\"#elementor-action%3Aaction%3Dlightbox%26settings%3DeyJpZCI6MTcxMzIsInVybCI6Imh0dHBzOlwvXC93d3cuYmVua2VydC5pbmZvXC93cGJlbmtlcnRcL3dwLWNvbnRlbnRcL3VwbG9hZHNcLzIwMjJcLzExXC9iZW5rZXJ0LWJhZW5rZS1tdXN0ZXJib3gtYmVzdGVsbGVuLmpwZyIsInNsaWRlc2hvdyI6IjI3ZjNlYTYifQ%3D%3D\" href=\"https:\/\/www.benkert.info\/wpbenkert\/wp-content\/uploads\/2022\/11\/benkert-baenke-musterbox-bestellen.jpg\"><figure class=\"swiper-slide-inner\"><picture><source srcset=\"https:\/\/www.benkert.info\/wpbenkert\/wp-content\/webp-express\/webp-images\/uploads\/2022\/11\/benkert-baenke-musterbox-bestellen.jpg.webp\" type=\"image\/webp\"><img decoding=\"async\" class=\"swiper-slide-image webpexpress-processed\" src=\"https:\/\/www.benkert.info\/wpbenkert\/wp-content\/uploads\/2022\/11\/benkert-baenke-musterbox-bestellen.jpg\" alt=\"benkert-baenke-musterbox-bestellen\"><\/picture><\/figure><\/a><\/div>\t\t\t<\/div>\n\t\t\t\t\t\t\t\n\t\t\t\t\t\t\t\t\t<\/div>\n\t\t\t\t\t\t<\/div>\n\t\t\t\t<\/div>\n\t\t\t\t\t<\/div>\n\t\t<\/div>\n\t\t\t\t\t<\/div>\n\t\t<\/section>\n\t\t\t\t<\/div>\n\t\t","protected":false},"excerpt":{"rendered":"<p>BENKERT B\u00c4NKE -tuoteluettelo ja n\u00e4ytepakkaus 2022 | 2023 Selaa laajaa tuotevalikoimaamme tuoteluettelossamme tai tilaa suoraan yksi n\u00e4ytelaatikoistamme. Comfony-sarjan n\u00e4ytelaatikko koostuu<\/p>\n","protected":false},"author":1,"featured_media":0,"parent":0,"menu_order":0,"comment_status":"closed","ping_status":"closed","template":"","meta":{"_acf_changed":false,"content-type":"","footnotes":""},"class_list":["post-18750","page","type-page","status-publish","hentry"],"acf":[],"_links":{"self":[{"href":"https:\/\/www.benkert.info\/fi\/wp-json\/wp\/v2\/pages\/18750","targetHints":{"allow":["GET"]}}],"collection":[{"href":"https:\/\/www.benkert.info\/fi\/wp-json\/wp\/v2\/pages"}],"about":[{"href":"https:\/\/www.benkert.info\/fi\/wp-json\/wp\/v2\/types\/page"}],"author":[{"embeddable":true,"href":"https:\/\/www.benkert.info\/fi\/wp-json\/wp\/v2\/users\/1"}],"replies":[{"embeddable":true,"href":"https:\/\/www.benkert.info\/fi\/wp-json\/wp\/v2\/comments?post=18750"}],"version-history":[{"count":0,"href":"https:\/\/www.benkert.info\/fi\/wp-json\/wp\/v2\/pages\/18750\/revisions"}],"wp:attachment":[{"href":"https:\/\/www.benkert.info\/fi\/wp-json\/wp\/v2\/media?parent=18750"}],"curies":[{"name":"wp","href":"https:\/\/api.w.org\/{rel}","templated":true}]}}